{"id":7427,"date":"2025-10-30T11:36:36","date_gmt":"2025-10-30T10:36:36","guid":{"rendered":"https:\/\/intercel.eu\/?page_id=7427"},"modified":"2025-12-12T12:00:31","modified_gmt":"2025-12-12T11:00:31","slug":"cybersicherheit","status":"publish","type":"page","link":"https:\/\/intercel.eu\/de\/wissen-erkenntnisse\/batteriesicherheit\/cybersicherheit\/","title":{"rendered":"Cybersicherheit"},"content":{"rendered":"\n<div class=\"wp-block-group alignwide is-layout-flow wp-block-group-is-layout-flow\" style=\"margin-top:0;margin-bottom:0\"><\/div>\n\n<div class=\"wp-block-columns is-layout-flex wp-container-core-columns-is-layout-28f84493 wp-block-columns-is-layout-flex\">\n<div class=\"wp-block-column is-vertically-aligned-center is-layout-flow wp-block-column-is-layout-flow\">\n<h2 class=\"wp-block-heading\">Cybersicherheit in der Energiespeicherung<\/h2>\n<\/div>\n\n\n\n<div class=\"wp-block-column is-layout-flow wp-block-column-is-layout-flow\">\n<p>Intelligente Energiespeichersysteme kommunizieren st\u00e4ndig mit anderen Systemen: von Energiemanagement \u00fcber Cloud-\u00dcberwachung bis hin zu Netzbetreibern. Diese digitale Konnektivit\u00e4t macht das System effizient, aber auch verwundbar. Cyberangriffe auf Energieinfrastruktur sind kein theoretisches Risiko mehr. Deshalb nehmen wir Cybersicherheit genauso ernst wie elektrische Sicherheit.     <\/p>\n<\/div>\n<\/div>\n\n<div class=\"wp-block-group is-style-default is-layout-flow wp-block-group-is-layout-flow\">\n<h2 class=\"wp-block-heading\">Sicherheitsstandards<\/h2>\n\n\n\n<p>Wir haben Cybersicherheit in alle Ebenen unserer Systeme integriert:<br\/>Von Hardware bis Software und vom Zugriff bis zur \u00dcberwachung.<\/p>\n\n\n\n<p><strong>Unsere Standardma\u00dfe umfassen:<\/strong><\/p>\n\n\n\n<ul class=\"wp-block-list\">\n<li><strong>Regelm\u00e4\u00dfige Penetrationstests und Updates<\/strong> , um Bedrohungen einen Schritt voraus zu sein<\/li>\n<\/ul>\n\n\n\n<ul class=\"wp-block-list\">\n<li><strong>Separate Netzwerkzonen<\/strong> , die das BESS von Ihrem internen Unternehmensnetzwerk isolieren<\/li>\n<\/ul>\n\n\n\n<ul class=\"wp-block-list\">\n<li><strong>Lokale Steuerungsaufkl\u00e4rung \u00fcber den CESS-Controller<\/strong> erm\u00f6glicht nur sichere Befehle<\/li>\n<\/ul>\n\n\n\n<ul class=\"wp-block-list\">\n<li><strong>Nur VPN-Zugriff<\/strong>, verpflichtend mit <strong>2FA und hardwarebasierten Schl\u00fcsseln<\/strong><\/li>\n<\/ul>\n\n\n\n<ul class=\"wp-block-list\">\n<li><strong>4G-Backup-Verbindung<\/strong> zur sicheren \u00dcberwachung auch im Falle eines Internetausfalls<\/li>\n<\/ul>\n\n\n\n<ul class=\"wp-block-list\">\n<li><strong>Firewall und Eindringverhinderung<\/strong> , die abweichendes Verhalten sofort blockieren<\/li>\n<\/ul>\n\n\n\n<p>M\u00f6chten Sie mehr \u00fcber Cybersicherheit erfahren und wissen, wie diese bei Cellpower Energiespeichersystemen gew\u00e4hrleistet wird? Laden Sie unser Whitepaper herunter.   <\/p>\n\n\n\n<div style=\"height:78px\" aria-hidden=\"true\" class=\"wp-block-spacer\"><\/div>\n\n\n\n<div class=\"wp-block-media-text is-stacked-on-mobile\"><figure class=\"wp-block-media-text__media\"><img decoding=\"async\" src=\"https:\/\/intercel.eu\/app\/uploads\/sites\/4\/2025\/04\/IMG_9232-1024x683.jpg\" alt=\"\" class=\"wp-image-6996 size-full\" \/><\/figure><div class=\"wp-block-media-text__content\">\n<h2 class=\"wp-block-heading\">Die Zukunft der Cybersicherheit<\/h2>\n\n\n\n<p>Gesetze und Vorschriften rund um Cybersicherheit werden immer umfassender. Wir bleiben gerne den Richtlinien voraus. Deshalb bereiten wir unsere Systeme auf die europ\u00e4ische NIS2-Richtlinie vor.    <\/p>\n\n\n\n<p>Das machen wir unter anderem mit:<\/p>\n\n\n\n<ul class=\"wp-block-list\">\n<li>Regelm\u00e4\u00dfige Risikobewertungen und Schwachstellenscans<\/li>\n\n\n\n<li>Ein klarer Plan f\u00fcr den Umgang mit (Cyber-)Vorf\u00e4llen<\/li>\n\n\n\n<li>Schulungen unseres Teams zu aktuellen Bedrohungen und Best Practices<\/li>\n\n\n\n<li>Sorgf\u00e4ltige Dokumentation von Prozessen und Ma\u00dfnahmen<\/li>\n<\/ul>\n<\/div><\/div>\n\n\n\n<div style=\"height:25px\" aria-hidden=\"true\" class=\"wp-block-spacer\"><\/div>\n\n\n\n<div class=\"wp-block-columns is-layout-flex wp-container-core-columns-is-layout-28f84493 wp-block-columns-is-layout-flex\">\n<div class=\"wp-block-column is-layout-flow wp-block-column-is-layout-flow\">\n<h2 class=\"wp-block-heading\">M\u00f6chten Sie mehr \u00fcber unseren Ansatz erfahren?<\/h2>\n<\/div>\n\n\n\n<div class=\"wp-block-column is-vertically-aligned-center is-layout-flow wp-block-column-is-layout-flow\">\n<div class=\"wp-block-buttons is-content-justification-center is-layout-flex wp-container-core-buttons-is-layout-a89b3969 wp-block-buttons-is-layout-flex\">\n<div class=\"wp-block-button is-style-arrow\" id=\"contact-form-popup\"><a class=\"wp-block-button__link wp-element-button\" href=\"https:\/\/intercel.eu\/de\/kontakt\/\">Kontaktieren Sie uns<\/a><\/div>\n<\/div>\n<\/div>\n<\/div>\n\n\n\n<div style=\"height:7px\" aria-hidden=\"true\" class=\"wp-block-spacer\"><\/div>\n<\/div>\n","protected":false},"excerpt":{"rendered":"<p>Cybersicherheit in der Energiespeicherung Intelligente Energiespeichersysteme kommunizieren st\u00e4ndig mit anderen Systemen: von Energiemanagement \u00fcber Cloud-\u00dcberwachung bis hin zu Netzbetreibern. Diese digitale Konnektivit\u00e4t macht das System effizient, aber auch verwundbar. Cyberangriffe auf Energieinfrastruktur sind kein theoretisches Risiko mehr. Deshalb nehmen wir Cybersicherheit genauso ernst wie elektrische Sicherheit. Sicherheitsstandards Wir haben Cybersicherheit in alle Ebenen unserer Systeme &hellip; <a href=\"https:\/\/intercel.eu\/de\/wissen-erkenntnisse\/batteriesicherheit\/cybersicherheit\/\">Fortgesetzt<\/a><\/p>\n","protected":false},"author":1,"featured_media":7352,"parent":7467,"menu_order":0,"comment_status":"closed","ping_status":"closed","template":"","meta":{"footnotes":""},"class_list":["post-7427","page","type-page","status-publish","has-post-thumbnail","hentry"],"acf":[],"_links":{"self":[{"href":"https:\/\/intercel.eu\/de\/wp-json\/wp\/v2\/pages\/7427","targetHints":{"allow":["GET"]}}],"collection":[{"href":"https:\/\/intercel.eu\/de\/wp-json\/wp\/v2\/pages"}],"about":[{"href":"https:\/\/intercel.eu\/de\/wp-json\/wp\/v2\/types\/page"}],"author":[{"embeddable":true,"href":"https:\/\/intercel.eu\/de\/wp-json\/wp\/v2\/users\/1"}],"replies":[{"embeddable":true,"href":"https:\/\/intercel.eu\/de\/wp-json\/wp\/v2\/comments?post=7427"}],"version-history":[{"count":4,"href":"https:\/\/intercel.eu\/de\/wp-json\/wp\/v2\/pages\/7427\/revisions"}],"predecessor-version":[{"id":20975,"href":"https:\/\/intercel.eu\/de\/wp-json\/wp\/v2\/pages\/7427\/revisions\/20975"}],"up":[{"embeddable":true,"href":"https:\/\/intercel.eu\/de\/wp-json\/wp\/v2\/pages\/7467"}],"wp:featuredmedia":[{"embeddable":true,"href":"https:\/\/intercel.eu\/de\/wp-json\/wp\/v2\/media\/7352"}],"wp:attachment":[{"href":"https:\/\/intercel.eu\/de\/wp-json\/wp\/v2\/media?parent=7427"}],"curies":[{"name":"wp","href":"https:\/\/api.w.org\/{rel}","templated":true}]}}