{"id":7455,"date":"2025-11-13T12:06:48","date_gmt":"2025-11-13T11:06:48","guid":{"rendered":"https:\/\/intercel.eu\/?page_id=7455"},"modified":"2025-12-12T12:00:33","modified_gmt":"2025-12-12T11:00:33","slug":"cess-102-50","status":"publish","type":"page","link":"https:\/\/intercel.eu\/de\/gewerbespeicher\/energiespeichersysteme\/cess-102-50\/","title":{"rendered":"CESS 102 &#8211; 50"},"content":{"rendered":"\n<div class=\"wp-block-group alignwide has-global-padding is-layout-constrained wp-block-group-is-layout-constrained\">\n<div class=\"wp-block-columns is-layout-flex wp-container-core-columns-is-layout-ec2e7a44 wp-block-columns-is-layout-flex\" style=\"padding-top:0;padding-bottom:0\">\n<div class=\"wp-block-column is-vertically-aligned-top is-layout-flow wp-block-column-is-layout-flow\" style=\"flex-basis:33.33%\">\n<figure class=\"wp-block-image size-large\"><img decoding=\"async\" src=\"https:\/\/intercel.eu\/app\/uploads\/sites\/4\/2025\/04\/CESS-102-50-729x1024.png\" alt=\"\" class=\"wp-image-7129\"\/><\/figure>\n<\/div>\n\n\n\n<div class=\"wp-block-column is-vertically-aligned-center is-layout-flow wp-block-column-is-layout-flow\" style=\"flex-basis:66.66%\">\n<div class=\"wp-block-columns is-layout-flex wp-container-core-columns-is-layout-44590b80 wp-block-columns-is-layout-flex\" style=\"margin-top:0;margin-bottom:0;padding-top:0;padding-bottom:0\">\n<div class=\"wp-block-column is-layout-flow wp-block-column-is-layout-flow\">\n<h2 class=\"wp-block-heading has-huge-font-size\">&gt; 100 kWh sind f\u00fcr Sie bereit<\/h2>\n\n\n\n<p>Der CESS 102 &#8211; 50 ist f\u00fcr Anwendungen konzipiert, bei denen Flexibilit\u00e4t und Zuverl\u00e4ssigkeit entscheidend sind \u2013 von Netzverst\u00e4rkerung und Spitzenverbrauch bis hin zu Off-Grid-Backup- und Lastquadratpufferung. Mit mehr als 6000 Zyklen und einer zehnj\u00e4hrigen Garantie liefert dieses System eine langfristige Leistung. Wie jedes Cellpower-System wurde das CESS 102-50 in den Niederlanden entwickelt, basierend auf 37 Jahren Batterieerfahrung. Dies f\u00fchrt zu einem modularen Stromsystem mit der h\u00f6chsten Stromdichte auf dem Markt, maximaler Sicherheit und einem starken Fokus auf Cybersicherheit. Dank lokalem Service- und Datenmanagement in Europa ist das CESS 102-50 die skalierbare L\u00f6sung f\u00fcr zukunftsorientierte Energieprojekte. M\u00f6chten Sie mehr \u00fcber Energiespeicherung erfahren und wie Sie sie zu Ihrem Vorteil nutzen k\u00f6nnen? Wir geben Ihnen pers\u00f6nliche Ratschl\u00e4ge.      <\/p>\n\n\n\n<div class=\"wp-block-buttons is-content-justification-right is-layout-flex wp-container-core-buttons-is-layout-d445cf74 wp-block-buttons-is-layout-flex\">\n<div class=\"wp-block-button is-style-arrow\" id=\"contact-form-popup\"><a class=\"wp-block-button__link wp-element-button\" href=\"https:\/\/intercel.eu\/de\/kontakt\/\">Pers\u00f6nlicher Rat<\/a><\/div>\n<\/div>\n<\/div>\n<\/div>\n<\/div>\n<\/div>\n<\/div>\n\n<div style=\"height:20px\" aria-hidden=\"true\" class=\"wp-block-spacer\"><\/div>\n\n<div class=\"wp-block-columns is-layout-flex wp-container-core-columns-is-layout-44590b80 wp-block-columns-is-layout-flex\" style=\"margin-top:0;margin-bottom:0;padding-top:0;padding-bottom:0\">\n<div class=\"wp-block-column is-vertically-aligned-center is-layout-flow wp-block-column-is-layout-flow\">\n<h2 class=\"wp-block-heading has-huge-font-size\">Leistungsbeschreibung<\/h2>\n<\/div>\n\n\n\n<div class=\"wp-block-column is-layout-flow wp-block-column-is-layout-flow\">\n<div class=\"wp-block-buttons is-content-justification-right is-layout-flex wp-container-core-buttons-is-layout-d445cf74 wp-block-buttons-is-layout-flex\">\n<div class=\"wp-block-button is-style-outline is-style-outline--1\"><a class=\"wp-block-button__link wp-element-button\" href=\"https:\/\/intercel.eu\/\/app\/uploads\/2025\/12\/ENG-Datasheet-CESS-102-50.pdf\" target=\"_blank\" rel=\"noreferrer noopener\">Datenblatt herunterladen<\/a><\/div>\n<\/div>\n<\/div>\n<\/div>\n\n<figure class=\"wp-block-table aligncenter is-style-stripes\"><table class=\"has-fixed-layout\"><tbody><tr><td>Batterietechnologie<\/td><td>LFP (LiFePO4 \/ Lithium-Eisenphosphat)<\/td><\/tr><tr><td>Netto Energie<\/td><td>102,4 kWh<\/td><\/tr><tr><td>Nettokapazit\u00e4t<\/td><td>200 Ah<\/td><\/tr><tr><td>Nettospannung<\/td><td>512V<\/td><\/tr><tr><td>Spannungsbereich (min. &#8211; max.)<\/td><td>448V ~565V<\/td><\/tr><tr><td>Lebensdauer @0,5C \/ 25\u00b0C<\/td><td>\u22656000 Zyklen<\/td><\/tr><tr><td>Dod<\/td><td>90%<\/td><\/tr><\/tbody><\/table><\/figure>\n\n<div class=\"wp-block-buttons is-content-justification-right is-layout-flex wp-container-core-buttons-is-layout-d445cf74 wp-block-buttons-is-layout-flex\">\n<div class=\"wp-block-button is-style-arrow\" id=\"contact-form-popup\"><a class=\"wp-block-button__link wp-element-button\" href=\"https:\/\/intercel.eu\/de\/kontakt\/\">Preis oder Handbuch anfordern<\/a><\/div>\n<\/div>\n\n<div style=\"height:20px\" aria-hidden=\"true\" class=\"wp-block-spacer\"><\/div>\n\n<div class=\"wp-block-group alignfull has-wit-background-color has-background has-global-padding is-layout-constrained wp-block-group-is-layout-constrained\">\n<div class=\"wp-block-columns has-contrast-color has-text-color has-link-color wp-elements-ddc436882af0b5a1dbdcaccbb403a882 is-layout-flex wp-container-core-columns-is-layout-28f84493 wp-block-columns-is-layout-flex\">\n<div class=\"wp-block-column is-layout-flow wp-block-column-is-layout-flow\">\n<div class=\"wp-block-columns is-layout-flex wp-container-core-columns-is-layout-28f84493 wp-block-columns-is-layout-flex\">\n<div class=\"wp-block-column is-layout-flow wp-block-column-is-layout-flow\">\n<figure class=\"wp-block-image aligncenter size-full is-resized\"><img decoding=\"async\" src=\"https:\/\/intercel.eu\/app\/uploads\/sites\/4\/2025\/05\/Ontwerp-zonder-titel-92.png\" alt=\"35 Jahre Erfahrung\" class=\"wp-image-7241\" style=\"width:92px;height:auto\"\/><\/figure>\n\n\n\n<p class=\"has-text-align-center\"><strong>Entwickelt in den Niederlanden<\/strong><\/p>\n\n\n\n<p class=\"has-text-align-center\">Entwickelt von einem niederl\u00e4ndischen Unternehmen mit 40 Jahren Erfahrung in der Batterietechnologie.<\/p>\n<\/div>\n\n\n\n<div class=\"wp-block-column is-layout-flow wp-block-column-is-layout-flow\">\n<figure class=\"wp-block-image aligncenter size-full is-resized\"><img decoding=\"async\" src=\"https:\/\/intercel.eu\/app\/uploads\/sites\/4\/2025\/05\/Kopie-van-Ontwerp-zonder-titel-4-1.png\" alt=\"H&#xF6;chste Energiedichte\" class=\"wp-image-7244\" style=\"width:91px;height:auto\"\/><\/figure>\n\n\n\n<p class=\"has-text-align-center\"><strong>H\u00f6chste Energiedichte<\/strong><\/p>\n\n\n\n<p class=\"has-text-align-center\">&gt; 100 kWh Speicherkapazit\u00e4t und 50 kW Leistung in einer kompakten Einheit mit den Ma\u00dfen nur 1,1 x 1,4 Meter.<\/p>\n<\/div>\n<\/div>\n<\/div>\n\n\n\n<div class=\"wp-block-column is-layout-flow wp-block-column-is-layout-flow\">\n<div class=\"wp-block-columns has-contrast-color has-text-color has-link-color wp-elements-4b7bf81a378d9a3ec96f62ea25782b2c is-layout-flex wp-container-core-columns-is-layout-28f84493 wp-block-columns-is-layout-flex\">\n<div class=\"wp-block-column is-layout-flow wp-block-column-is-layout-flow\">\n<figure class=\"wp-block-image aligncenter size-full is-resized\"><img decoding=\"async\" src=\"https:\/\/intercel.eu\/app\/uploads\/sites\/4\/2025\/05\/Kopie-van-Ontwerp-zonder-titel-3.png\" alt=\"Energiespeicherung f&#xFC;r Cybersicherheit\" class=\"wp-image-7238\" style=\"width:84px;height:auto\"\/><\/figure>\n\n\n\n<p class=\"has-text-align-center\"><strong>Cybersicherheit<\/strong><\/p>\n\n\n\n<p class=\"has-text-align-center\">Alle Daten befinden sich weiterhin in Europa. Die Systeme sind dank eines abgeschirmten Netzwerks besonders sicher. <\/p>\n<\/div>\n\n\n\n<div class=\"wp-block-column is-layout-flow wp-block-column-is-layout-flow\">\n<figure class=\"wp-block-image aligncenter size-full is-resized\"><img decoding=\"async\" src=\"https:\/\/intercel.eu\/app\/uploads\/sites\/4\/2025\/05\/Kopie-van-Kopie-van-Kopie-van-Ontwerp-zonder-titel.png\" alt=\"Lokaler Service und Unterst&#xFC;tzung\" class=\"wp-image-7232\" style=\"width:84px;height:auto\"\/><\/figure>\n\n\n\n<p class=\"has-text-align-center\"><strong>Lokaler Service und Unterst\u00fctzung<\/strong><\/p>\n\n\n\n<p class=\"has-text-align-center has-contrast-color has-text-color has-link-color wp-elements-5a6c42567b30e87833282a66a784d713\">Konzentrieren Sie sich auf lokale Dienstleistungen: von Installation und Wartung bis hin zur Schulung \u2013 unsere niederl\u00e4ndischen Spezialisten sind f\u00fcr Sie da.<\/p>\n<\/div>\n<\/div>\n<\/div>\n<\/div>\n\n\n\n<div class=\"wp-block-columns is-layout-flex wp-container-core-columns-is-layout-28f84493 wp-block-columns-is-layout-flex\">\n<div class=\"wp-block-column is-layout-flow wp-block-column-is-layout-flow\"><\/div>\n<\/div>\n\n\n\n<div class=\"wp-block-buttons is-content-justification-right is-layout-flex wp-container-core-buttons-is-layout-d445cf74 wp-block-buttons-is-layout-flex\">\n<div class=\"wp-block-button is-style-arrow\" id=\"contact-form-popup\"><a class=\"wp-block-button__link wp-element-button\" href=\"https:\/\/intercel.eu\/de\/kontakt\/\">Ein Angebot anfordern<\/a><\/div>\n<\/div>\n<\/div>\n\n<h2 class=\"wp-block-heading has-huge-font-size\">Anwendungen f\u00fcr 100 kWh<\/h2>\n\n<div style=\"height:33px\" aria-hidden=\"true\" class=\"wp-block-spacer\"><\/div>\n\n<div class=\"wp-block-group alignfull is-layout-flow wp-block-group-is-layout-flow\" style=\"margin-top:0;padding-top:0\">\n<div class=\"wp-block-group alignwide has-global-padding is-layout-constrained wp-block-group-is-layout-constrained\" style=\"padding-top:0\">\n<div class=\"wp-block-columns is-style-indrukwekkend-kolommen is-layout-flex wp-container-core-columns-is-layout-28f84493 wp-block-columns-is-layout-flex\">\n<div class=\"wp-block-column is-vertically-aligned-stretch is-style-indrukwekkend-afgerond has-horizontal-grey-to-dark-grey-gradient-background has-background is-layout-flow wp-block-column-is-layout-flow\">\n<figure class=\"wp-block-image aligncenter size-full is-resized is-style-default\"><img decoding=\"async\" src=\"https:\/\/intercel.eu\/app\/uploads\/sites\/4\/2024\/07\/PeakShaving.svg\" alt=\"\" class=\"wp-image-5173\" style=\"width:auto;height:120px\"\/><\/figure>\n\n\n\n<h3 class=\"wp-block-heading has-contrast-color has-wit-background-color has-text-color has-background has-link-color has-medium-font-size wp-elements-71cebf4b0f2e953136a96bb3867c9b5a\" style=\"margin-top:0;margin-right:0;margin-bottom:0;margin-left:0;padding-top:var(--wp--preset--spacing--20);padding-right:var(--wp--preset--spacing--20);padding-bottom:var(--wp--preset--spacing--20);padding-left:var(--wp--preset--spacing--20)\"><a href=\"https:\/\/ess.intercel.eu\/nl\/netcongestie-oplossingen\/peak-shaving\/\" data-type=\"page\" data-id=\"4222\">Peak shaving<\/a><\/h3>\n<\/div>\n\n\n\n<div class=\"wp-block-column is-vertically-aligned-stretch is-style-indrukwekkend-afgerond has-horizontal-grey-to-dark-grey-gradient-background has-background is-layout-flow wp-block-column-is-layout-flow\">\n<figure class=\"wp-block-image aligncenter size-full is-resized is-style-default\"><img decoding=\"async\" src=\"https:\/\/intercel.eu\/app\/uploads\/sites\/4\/2024\/07\/OpslagWindZonneenergie.svg\" alt=\"Wind- und Solarenergiespeicherung | Cellpower\" class=\"wp-image-5167\" style=\"width:auto;height:120px\"\/><\/figure>\n\n\n\n<h3 class=\"wp-block-heading has-contrast-color has-wit-background-color has-text-color has-background has-link-color has-medium-font-size wp-elements-d07cb07412a5d8b4ebd9ba154fa028ef\" style=\"margin-top:0;margin-right:0;margin-bottom:0;margin-left:0;padding-top:var(--wp--preset--spacing--20);padding-right:var(--wp--preset--spacing--20);padding-bottom:var(--wp--preset--spacing--20);padding-left:var(--wp--preset--spacing--20)\"><a href=\"https:\/\/ess.intercel.eu\/power-solutions\/wind-and-solar-energy-storage\/\" data-type=\"page\" data-id=\"4238\">Wind- und Solarenergiespeicherung<\/a><\/h3>\n<\/div>\n<\/div>\n\n\n\n<div class=\"wp-block-columns is-style-indrukwekkend-kolommen is-layout-flex wp-container-core-columns-is-layout-e79a657b wp-block-columns-is-layout-flex\" style=\"padding-top:0\">\n<div class=\"wp-block-column is-vertically-aligned-stretch is-style-indrukwekkend-afgerond has-horizontal-grey-to-dark-grey-gradient-background has-background is-layout-flow wp-block-column-is-layout-flow\">\n<figure class=\"wp-block-image aligncenter size-full is-resized is-style-default\"><img decoding=\"async\" src=\"https:\/\/intercel.eu\/app\/uploads\/sites\/4\/2024\/07\/EigenVerbruikOptimaliseren.svg\" alt=\"\" class=\"wp-image-5176\" style=\"width:auto;height:120px\"\/><\/figure>\n\n\n\n<h3 class=\"wp-block-heading has-contrast-color has-wit-background-color has-text-color has-background has-link-color has-medium-font-size wp-elements-d89b9cc04526939f87d92542fe45c755\" style=\"margin-top:0;margin-right:0;margin-bottom:0;margin-left:0;padding-top:var(--wp--preset--spacing--20);padding-right:var(--wp--preset--spacing--20);padding-bottom:var(--wp--preset--spacing--20);padding-left:var(--wp--preset--spacing--20)\"><a href=\"https:\/\/ess.intercel.eu\/power-solutions\/optimize-own-consumption\/\" data-type=\"page\" data-id=\"4241\">Optimieren Sie den eigenen Verbrauch<\/a><\/h3>\n<\/div>\n\n\n\n<div class=\"wp-block-column is-vertically-aligned-stretch is-style-indrukwekkend-afgerond has-horizontal-grey-to-dark-grey-gradient-background has-background is-layout-flow wp-block-column-is-layout-flow\">\n<figure class=\"wp-block-image aligncenter size-full is-resized is-style-default\"><img decoding=\"async\" src=\"https:\/\/intercel.eu\/app\/uploads\/sites\/4\/2024\/07\/price_wit-1.svg\" alt=\"Euromark Energiehandel | Cellpower\" class=\"wp-image-5107\" style=\"width:auto;height:120px\"\/><\/figure>\n\n\n\n<h3 class=\"wp-block-heading has-contrast-color has-wit-background-color has-text-color has-background has-link-color has-medium-font-size wp-elements-988b2f08b72f8f116699002fbf4c1d57\" style=\"margin-top:0;margin-right:0;margin-bottom:0;margin-left:0;padding-top:var(--wp--preset--spacing--20);padding-right:var(--wp--preset--spacing--20);padding-bottom:var(--wp--preset--spacing--20);padding-left:var(--wp--preset--spacing--20)\"><a href=\"https:\/\/ess.intercel.eu\/power-solutions\/energy-trading\/\" data-type=\"page\" data-id=\"4244\">Energiehandel<\/a><\/h3>\n<\/div>\n<\/div>\n<\/div>\n<\/div>\n\n<div class=\"wp-block-columns is-layout-flex wp-container-core-columns-is-layout-28f84493 wp-block-columns-is-layout-flex\">\n<div class=\"wp-block-column is-layout-flow wp-block-column-is-layout-flow\" style=\"flex-basis:100%\">\n<div class=\"wp-block-buttons is-content-justification-center is-layout-flex wp-container-core-buttons-is-layout-a89b3969 wp-block-buttons-is-layout-flex\">\n<div class=\"wp-block-button is-style-arrow\" id=\"contact-form-popup\"><a class=\"wp-block-button__link wp-element-button\" href=\"https:\/\/intercel.eu\/de\/kontakt\/\">Empfangsberechnung des Peak-Shaving<\/a><\/div>\n<\/div>\n<\/div>\n<\/div>\n\n<div class=\"wp-block-group alignfull is-style-default has-vertical-white-to-grey-gradient-background has-background has-global-padding is-layout-constrained wp-block-group-is-layout-constrained\">\n<div class=\"wp-block-group is-layout-flow wp-block-group-is-layout-flow\" style=\"padding-top:var(--wp--preset--spacing--40);padding-right:0;padding-bottom:var(--wp--preset--spacing--40);padding-left:0\">\n<blockquote class=\"wp-block-quote has-text-align-left alignfull is-style-plain has-contrast-color has-text-color has-link-color has-huge-font-size wp-elements-e9dc04e066e808c3a5ac8012b75a2525 is-layout-flow wp-block-quote-is-layout-flow\" style=\"font-style:normal;font-weight:900\">\n<p style=\"line-height:1.2\"><em>\u201cMit dieser L\u00f6sung k\u00f6nnen wir nicht nur unsere \u00d6fen reibungslos am Laufen halten, sondern auch die Betriebskosten besser kontrollieren. Die F\u00e4higkeit, unseren Energieverbrauch zu optimieren, ist f\u00fcr unser Gesch\u00e4ft unerl\u00e4sslich, und diese Technologie macht das m\u00f6glich.&#8221;<\/em><\/p>\n<\/blockquote>\n\n\n\n<div class=\"wp-block-columns is-layout-flex wp-container-core-columns-is-layout-28f84493 wp-block-columns-is-layout-flex\">\n<div class=\"wp-block-column is-layout-flow wp-block-column-is-layout-flow\">\n<figure class=\"wp-block-image size-full is-resized\"><img decoding=\"async\" src=\"https:\/\/intercel.eu\/app\/uploads\/sites\/4\/2025\/04\/Ontwerp-zonder-titel-92-edited.png\" alt=\"Logo TommyTomato\" class=\"wp-image-7102\" style=\"width:135px;height:auto\"\/><\/figure>\n\n\n\n<p><strong>Bas Turk,<\/strong><br\/>CEO von TommyTomato<\/p>\n<\/div>\n\n\n\n<div class=\"wp-block-column is-vertically-aligned-bottom is-layout-flow wp-block-column-is-layout-flow\">\n<div class=\"wp-block-buttons is-content-justification-right is-layout-flex wp-container-core-buttons-is-layout-ca13948c wp-block-buttons-is-layout-flex\">\n<div class=\"wp-block-button is-style-fill\"><a class=\"wp-block-button__link wp-element-button\" href=\"https:\/\/intercel.eu\/client-cases\/?_categories_cases=storage\">Entdecken Sie weitere Kundengeschichten<\/a><\/div>\n<\/div>\n<\/div>\n<\/div>\n<\/div>\n<\/div>\n\n<div class=\"wp-block-columns is-layout-flex wp-container-core-columns-is-layout-7abde1fe wp-block-columns-is-layout-flex\" style=\"padding-top:var(--wp--preset--spacing--40);padding-bottom:var(--wp--preset--spacing--40)\">\n<div class=\"wp-block-column is-vertically-aligned-center is-layout-flow wp-block-column-is-layout-flow\">\n<h2 class=\"wp-block-heading\">Werde Partner von Cellpower<\/h2>\n\n\n\n<div class=\"wp-block-buttons is-layout-flex wp-block-buttons-is-layout-flex\">\n<div class=\"wp-block-button is-style-arrow\" id=\"contact-form-popup\"><a class=\"wp-block-button__link wp-element-button\" href=\"https:\/\/intercel.eu\/de\/kontakt\/\">Werde Partner.<\/a><\/div>\n<\/div>\n<\/div>\n\n\n\n<div class=\"wp-block-column is-vertically-aligned-center is-layout-flow wp-block-column-is-layout-flow\">\n<p>Als technischer Gro\u00dfh\u00e4ndler, Installateur oder Energieberater tauchen t\u00e4glich die Herausforderungen der Elektrifizierung auf. Sie unterst\u00fctzen Ihre Kunden bei den Leistungsherausforderungen unserer Zeit. Wir verstehen, dass Sie daf\u00fcr einen Batterielieferanten ben\u00f6tigen, der ans Telefon geht, das Gesch\u00e4ft versteht und eine Serviceabteilung hat, die Sie unterst\u00fctzt. Durch die enge Zusammenarbeit mit EMS-Lieferanten, Gro\u00dfh\u00e4ndlern, Transportern und Installateuren machen wir den Installationsprozess so einfach wie m\u00f6glich. Au\u00dferdem Ihre Kunden mit Energiespeicherung entlasten? Werde Partner von Cellpower!       <\/p>\n<\/div>\n<\/div>\n\n<div style=\"height:18px\" aria-hidden=\"true\" class=\"wp-block-spacer\"><\/div>\n","protected":false},"excerpt":{"rendered":"<p>&gt; 100 kWh sind f\u00fcr Sie bereit Der CESS 102 &#8211; 50 ist f\u00fcr Anwendungen konzipiert, bei denen Flexibilit\u00e4t und Zuverl\u00e4ssigkeit entscheidend sind \u2013 von Netzverst\u00e4rkerung und Spitzenverbrauch bis hin zu Off-Grid-Backup- und Lastquadratpufferung. Mit mehr als 6000 Zyklen und einer zehnj\u00e4hrigen Garantie liefert dieses System eine langfristige Leistung. Wie jedes Cellpower-System wurde das CESS &hellip; <a href=\"https:\/\/intercel.eu\/de\/gewerbespeicher\/energiespeichersysteme\/cess-102-50\/\">Fortgesetzt<\/a><\/p>\n","protected":false},"author":1,"featured_media":7429,"parent":7369,"menu_order":0,"comment_status":"closed","ping_status":"open","template":"","meta":{"footnotes":""},"class_list":["post-7455","page","type-page","status-publish","has-post-thumbnail","hentry"],"acf":[],"_links":{"self":[{"href":"https:\/\/intercel.eu\/de\/wp-json\/wp\/v2\/pages\/7455","targetHints":{"allow":["GET"]}}],"collection":[{"href":"https:\/\/intercel.eu\/de\/wp-json\/wp\/v2\/pages"}],"about":[{"href":"https:\/\/intercel.eu\/de\/wp-json\/wp\/v2\/types\/page"}],"author":[{"embeddable":true,"href":"https:\/\/intercel.eu\/de\/wp-json\/wp\/v2\/users\/1"}],"replies":[{"embeddable":true,"href":"https:\/\/intercel.eu\/de\/wp-json\/wp\/v2\/comments?post=7455"}],"version-history":[{"count":3,"href":"https:\/\/intercel.eu\/de\/wp-json\/wp\/v2\/pages\/7455\/revisions"}],"predecessor-version":[{"id":20977,"href":"https:\/\/intercel.eu\/de\/wp-json\/wp\/v2\/pages\/7455\/revisions\/20977"}],"up":[{"embeddable":true,"href":"https:\/\/intercel.eu\/de\/wp-json\/wp\/v2\/pages\/7369"}],"wp:featuredmedia":[{"embeddable":true,"href":"https:\/\/intercel.eu\/de\/wp-json\/wp\/v2\/media\/7429"}],"wp:attachment":[{"href":"https:\/\/intercel.eu\/de\/wp-json\/wp\/v2\/media?parent=7455"}],"curies":[{"name":"wp","href":"https:\/\/api.w.org\/{rel}","templated":true}]}}