{"id":7457,"date":"2025-11-13T12:09:51","date_gmt":"2025-11-13T11:09:51","guid":{"rendered":"https:\/\/intercel.eu\/?page_id=7457"},"modified":"2025-12-16T10:36:42","modified_gmt":"2025-12-16T09:36:42","slug":"cess-261-125","status":"publish","type":"page","link":"https:\/\/intercel.eu\/de\/gewerbespeicher\/energiespeichersysteme\/cess-261-125\/","title":{"rendered":"CESS 261 &#8211; 125"},"content":{"rendered":"\n<div class=\"wp-block-group alignwide has-global-padding is-layout-constrained wp-block-group-is-layout-constrained\">\n<div class=\"wp-block-columns is-layout-flex wp-container-core-columns-is-layout-ec2e7a44 wp-block-columns-is-layout-flex\" style=\"padding-top:0;padding-bottom:0\">\n<div class=\"wp-block-column is-vertically-aligned-top is-layout-flow wp-block-column-is-layout-flow\" style=\"flex-basis:33.33%\">\n<figure class=\"wp-block-image size-large\"><img decoding=\"async\" src=\"https:\/\/intercel.eu\/app\/uploads\/sites\/4\/2025\/05\/1-kasten-voorkant-edited-1.png\" alt=\"200 kWh Energiespeichersystem | Cellpower\" class=\"wp-image-7506\"\/><\/figure>\n<\/div>\n\n\n\n<div class=\"wp-block-column is-vertically-aligned-center is-layout-flow wp-block-column-is-layout-flow\" style=\"flex-basis:66.66%\">\n<div class=\"wp-block-columns is-layout-flex wp-container-core-columns-is-layout-44590b80 wp-block-columns-is-layout-flex\" style=\"margin-top:0;margin-bottom:0;padding-top:0;padding-bottom:0\">\n<div class=\"wp-block-column is-layout-flow wp-block-column-is-layout-flow\">\n<h2 class=\"wp-block-heading has-huge-font-size\">&gt; 250 kWh sind f\u00fcr Sie bereit<\/h2>\n\n\n\n<p>Der CESS 261-125 ist f\u00fcr Anwendungen konzipiert, bei denen Flexibilit\u00e4t und Zuverl\u00e4ssigkeit entscheidend sind. Von der Netzverst\u00e4rkung und Peak Shaving bis zur Lastspitzenpufferung.  Mit mehr als 9.000 Zyklen und einer 10-j\u00e4hrigen Garantie liefert dieses System eine langfristige Leistung. Wie jedes Cellpower-System wurde auch der CESS 261-125 in den Niederlanden entwickelt, basierend auf 40 Jahren Batterie-Expertise. Dies f\u00fchrt zu einem modularen Stromsystem mit der h\u00f6chsten Energiedichte auf dem Markt, maximaler Sicherheit und einem starken Fokus auf Cybersicherheit. Dank lokalem Service und Datenmanagement innerhalb Europas ist der CESS 261-125 die skalierbare L\u00f6sung f\u00fcr zukunftsorientierte Energieprojekte. Der CESS 261-125 ist auch in einer 0,25C-Version (CESS 261-65) erh\u00e4ltlich, die sich f\u00fcr F\u00f6rderprogramme wie das niederl\u00e4ndische SPRILA-Programm qualifiziert.<\/p>\n\n\n\n<div class=\"wp-block-buttons is-content-justification-right is-layout-flex wp-container-core-buttons-is-layout-d445cf74 wp-block-buttons-is-layout-flex\">\n<div class=\"wp-block-button is-style-arrow\" id=\"contact-form-popup\"><a class=\"wp-block-button__link wp-element-button\" href=\"https:\/\/intercel.eu\/de\/kontakt\/\">Pers\u00f6nlicher Rat<\/a><\/div>\n<\/div>\n<\/div>\n<\/div>\n<\/div>\n<\/div>\n<\/div>\n\n<div style=\"height:20px\" aria-hidden=\"true\" class=\"wp-block-spacer\"><\/div>\n\n<div class=\"wp-block-columns is-layout-flex wp-container-core-columns-is-layout-44590b80 wp-block-columns-is-layout-flex\" style=\"margin-top:0;margin-bottom:0;padding-top:0;padding-bottom:0\">\n<div class=\"wp-block-column is-vertically-aligned-center is-layout-flow wp-block-column-is-layout-flow\">\n<h2 class=\"wp-block-heading has-huge-font-size\">Leistungsbeschreibung<\/h2>\n<\/div>\n\n\n\n<div class=\"wp-block-column is-layout-flow wp-block-column-is-layout-flow\">\n<div class=\"wp-block-buttons is-content-justification-right is-layout-flex wp-container-core-buttons-is-layout-d445cf74 wp-block-buttons-is-layout-flex\">\n<div class=\"wp-block-button is-style-outline is-style-outline--1\"><a class=\"wp-block-button__link wp-element-button\" href=\"https:\/\/intercel.eu\/\/app\/uploads\/2025\/12\/ENG-Datasheet-CESS-261-125.pdf\" target=\"_blank\" rel=\"noreferrer noopener\">Datenblatt herunterladen CESS 261-125<\/a><\/div>\n<\/div>\n\n\n\n<div class=\"wp-block-buttons is-content-justification-right is-layout-flex wp-container-core-buttons-is-layout-163ea94c wp-block-buttons-is-layout-flex\" style=\"margin-top:0;margin-bottom:0;padding-top:0;padding-bottom:0\">\n<div class=\"wp-block-button is-style-outline is-style-outline--2\"><a class=\"wp-block-button__link wp-element-button\" href=\"https:\/\/intercel.eu\/\/app\/uploads\/2025\/12\/ENG-Datasheet-CESS-261-65.pdf\">Datenblatt herunterladen CESS 261-65<\/a><\/div>\n<\/div>\n<\/div>\n<\/div>\n\n<figure class=\"wp-block-table aligncenter is-style-stripes\"><table class=\"has-fixed-layout\"><tbody><tr><td>Batterietechnologie<\/td><td>LFP (LiFePO4 \/ Lithium-Eisenphosphat)<\/td><\/tr><tr><td>Netto Energie<\/td><td>261,25 kWh<\/td><\/tr><tr><td>Nettokapazit\u00e4t<\/td><td>314 Ah<\/td><\/tr><tr><td>Nettospannung<\/td><td>832V<\/td><\/tr><tr><td>Spannungsbereich (min. &#8211; max.)<\/td><td>728V ~ 923V<\/td><\/tr><tr><td>Lebensdauer @0,5C \/ 25\u00b0C<\/td><td>\u22659000 Zyklen<\/td><\/tr><tr><td>Dod<\/td><td>100%<\/td><\/tr><\/tbody><\/table><\/figure>\n\n<div class=\"wp-block-buttons is-content-justification-right is-layout-flex wp-container-core-buttons-is-layout-d445cf74 wp-block-buttons-is-layout-flex\">\n<div class=\"wp-block-button is-style-arrow\" id=\"contact-form-popup\"><a class=\"wp-block-button__link wp-element-button\" href=\"https:\/\/intercel.eu\/de\/kontakt\/\">Preis oder Handbuch anfordern<\/a><\/div>\n<\/div>\n\n<div style=\"height:20px\" aria-hidden=\"true\" class=\"wp-block-spacer\"><\/div>\n\n<div class=\"wp-block-group alignfull has-wit-background-color has-background has-global-padding is-layout-constrained wp-block-group-is-layout-constrained\">\n<div class=\"wp-block-columns has-contrast-color has-text-color has-link-color wp-elements-953d28683bf4a7815a1427673e220139 is-layout-flex wp-container-core-columns-is-layout-28f84493 wp-block-columns-is-layout-flex\">\n<div class=\"wp-block-column is-layout-flow wp-block-column-is-layout-flow\">\n<div class=\"wp-block-columns is-layout-flex wp-container-core-columns-is-layout-28f84493 wp-block-columns-is-layout-flex\">\n<div class=\"wp-block-column is-layout-flow wp-block-column-is-layout-flow\">\n<figure class=\"wp-block-image aligncenter size-full is-resized\"><img loading=\"lazy\" decoding=\"async\" width=\"1177\" height=\"1173\" src=\"https:\/\/intercel.eu\/\/app\/uploads\/2025\/12\/Ontwikkeld-in-Nederland-40.png\" alt=\"\" class=\"wp-image-22194\" style=\"width:92px;height:auto\" srcset=\"https:\/\/intercel.eu\/\/app\/uploads\/2025\/12\/Ontwikkeld-in-Nederland-40.png 1177w, https:\/\/intercel.eu\/\/app\/uploads\/2025\/12\/Ontwikkeld-in-Nederland-40-300x300.png 300w, https:\/\/intercel.eu\/\/app\/uploads\/2025\/12\/Ontwikkeld-in-Nederland-40-1024x1021.png 1024w, https:\/\/intercel.eu\/\/app\/uploads\/2025\/12\/Ontwikkeld-in-Nederland-40-150x150.png 150w, https:\/\/intercel.eu\/\/app\/uploads\/2025\/12\/Ontwikkeld-in-Nederland-40-768x765.png 768w, https:\/\/intercel.eu\/\/app\/uploads\/2025\/12\/Ontwikkeld-in-Nederland-40-50x50.png 50w, https:\/\/intercel.eu\/\/app\/uploads\/2025\/12\/Ontwikkeld-in-Nederland-40-250x250.png 250w, https:\/\/intercel.eu\/\/app\/uploads\/2025\/12\/Ontwikkeld-in-Nederland-40-176x175.png 176w, https:\/\/intercel.eu\/\/app\/uploads\/2025\/12\/Ontwikkeld-in-Nederland-40-600x598.png 600w, https:\/\/intercel.eu\/\/app\/uploads\/2025\/12\/Ontwikkeld-in-Nederland-40-100x100.png 100w\" sizes=\"auto, (max-width: 1177px) 100vw, 1177px\" \/><\/figure>\n\n\n\n<p class=\"has-text-align-center\"><strong>Entwickelt in den Niederlanden<\/strong><\/p>\n\n\n\n<p class=\"has-text-align-center\">Entwickelt von einem niederl\u00e4ndischen Unternehmen mit 40 Jahren Erfahrung in der Batterietechnologie.<\/p>\n<\/div>\n\n\n\n<div class=\"wp-block-column is-layout-flow wp-block-column-is-layout-flow\">\n<figure class=\"wp-block-image aligncenter size-full is-resized\"><img decoding=\"async\" src=\"https:\/\/intercel.eu\/app\/uploads\/sites\/4\/2025\/05\/Kopie-van-Ontwerp-zonder-titel-4-1.png\" alt=\"H&#xF6;chste Energiedichte\" class=\"wp-image-7244\" style=\"width:91px;height:auto\"\/><\/figure>\n\n\n\n<p class=\"has-text-align-center\"><strong>H\u00f6chste Energiedichte<\/strong><\/p>\n\n\n\n<p class=\"has-text-align-center\">&gt; 250 kWh Speicherkapazit\u00e4t und 125 kW Leistung in einer kompakten Einheit. Au\u00dferdem ist eine 65-kW-Version erh\u00e4ltlich. <\/p>\n<\/div>\n<\/div>\n<\/div>\n\n\n\n<div class=\"wp-block-column is-layout-flow wp-block-column-is-layout-flow\">\n<div class=\"wp-block-columns has-contrast-color has-text-color has-link-color wp-elements-4b7bf81a378d9a3ec96f62ea25782b2c is-layout-flex wp-container-core-columns-is-layout-28f84493 wp-block-columns-is-layout-flex\">\n<div class=\"wp-block-column is-layout-flow wp-block-column-is-layout-flow\">\n<figure class=\"wp-block-image aligncenter size-full is-resized\"><img decoding=\"async\" src=\"https:\/\/intercel.eu\/app\/uploads\/sites\/4\/2025\/05\/Kopie-van-Ontwerp-zonder-titel-3.png\" alt=\"Energiespeicherung f&#xFC;r Cybersicherheit\" class=\"wp-image-7238\" style=\"width:84px;height:auto\"\/><\/figure>\n\n\n\n<p class=\"has-text-align-center\"><strong>Cybersicherheit<\/strong><\/p>\n\n\n\n<p class=\"has-text-align-center\">Alle Daten befinden sich weiterhin in Europa. Die Systeme sind dank eines abgeschirmten Netzwerks besonders sicher. <\/p>\n<\/div>\n\n\n\n<div class=\"wp-block-column is-layout-flow wp-block-column-is-layout-flow\">\n<figure class=\"wp-block-image aligncenter size-full is-resized\"><img decoding=\"async\" src=\"https:\/\/intercel.eu\/app\/uploads\/sites\/4\/2025\/05\/Kopie-van-Kopie-van-Kopie-van-Ontwerp-zonder-titel.png\" alt=\"Lokaler Service und Unterst&#xFC;tzung\" class=\"wp-image-7232\" style=\"width:84px;height:auto\"\/><\/figure>\n\n\n\n<p class=\"has-text-align-center\"><strong>Lokaler Service und Unterst\u00fctzung<\/strong><\/p>\n\n\n\n<p class=\"has-text-align-center has-contrast-color has-text-color has-link-color wp-elements-5a6c42567b30e87833282a66a784d713\">Konzentrieren Sie sich auf lokale Dienstleistungen: von Installation und Wartung bis hin zur Schulung \u2013 unsere niederl\u00e4ndischen Spezialisten sind f\u00fcr Sie da.<\/p>\n<\/div>\n<\/div>\n<\/div>\n<\/div>\n\n\n\n<div class=\"wp-block-columns is-layout-flex wp-container-core-columns-is-layout-28f84493 wp-block-columns-is-layout-flex\">\n<div class=\"wp-block-column is-layout-flow wp-block-column-is-layout-flow\"><\/div>\n<\/div>\n\n\n\n<div class=\"wp-block-buttons is-content-justification-right is-layout-flex wp-container-core-buttons-is-layout-d445cf74 wp-block-buttons-is-layout-flex\">\n<div class=\"wp-block-button is-style-arrow\" id=\"contact-form-popup\"><a class=\"wp-block-button__link wp-element-button\" href=\"https:\/\/intercel.eu\/de\/kontakt\/\">Ein Angebot anfordern<\/a><\/div>\n<\/div>\n<\/div>\n\n<h2 class=\"wp-block-heading has-huge-font-size\">Anwendungen f\u00fcr 250 kWh<\/h2>\n\n<div style=\"height:33px\" aria-hidden=\"true\" class=\"wp-block-spacer\"><\/div>\n\n<div class=\"wp-block-group alignfull is-layout-flow wp-block-group-is-layout-flow\" style=\"margin-top:0;padding-top:0\">\n<div class=\"wp-block-group alignwide has-global-padding is-layout-constrained wp-block-group-is-layout-constrained\" style=\"padding-top:0\">\n<div class=\"wp-block-columns is-style-indrukwekkend-kolommen is-layout-flex wp-container-core-columns-is-layout-28f84493 wp-block-columns-is-layout-flex\">\n<div class=\"wp-block-column is-vertically-aligned-stretch is-style-indrukwekkend-afgerond has-horizontal-grey-to-dark-grey-gradient-background has-background is-layout-flow wp-block-column-is-layout-flow\">\n<figure class=\"wp-block-image aligncenter size-full is-resized is-style-default\"><img decoding=\"async\" src=\"https:\/\/intercel.eu\/app\/uploads\/sites\/4\/2024\/07\/PeakShaving.svg\" alt=\"\" class=\"wp-image-5173\" style=\"width:auto;height:120px\"\/><\/figure>\n\n\n\n<h3 class=\"wp-block-heading has-contrast-color has-wit-background-color has-text-color has-background has-link-color has-medium-font-size wp-elements-9ea55e453cfe3f887af2b3908b86d89e\" style=\"margin-top:0;margin-right:0;margin-bottom:0;margin-left:0;padding-top:var(--wp--preset--spacing--20);padding-right:var(--wp--preset--spacing--20);padding-bottom:var(--wp--preset--spacing--20);padding-left:var(--wp--preset--spacing--20)\"><a href=\"https:\/\/ess.intercel.eu\/nl\/netcongestie-oplossingen\/peak-shaving\/\" data-type=\"page\" data-id=\"4222\">Peak Shaving<\/a><\/h3>\n<\/div>\n\n\n\n<div class=\"wp-block-column is-vertically-aligned-stretch is-style-indrukwekkend-afgerond has-horizontal-grey-to-dark-grey-gradient-background has-background is-layout-flow wp-block-column-is-layout-flow\">\n<figure class=\"wp-block-image aligncenter size-full is-resized is-style-default\"><img decoding=\"async\" src=\"https:\/\/intercel.eu\/app\/uploads\/sites\/4\/2024\/07\/OpslagWindZonneenergie.svg\" alt=\"Wind- und Solarenergiespeicher | Cellpower\" class=\"wp-image-5167\" style=\"width:auto;height:120px\"\/><\/figure>\n\n\n\n<h3 class=\"wp-block-heading has-contrast-color has-wit-background-color has-text-color has-background has-link-color has-medium-font-size wp-elements-d07cb07412a5d8b4ebd9ba154fa028ef\" style=\"margin-top:0;margin-right:0;margin-bottom:0;margin-left:0;padding-top:var(--wp--preset--spacing--20);padding-right:var(--wp--preset--spacing--20);padding-bottom:var(--wp--preset--spacing--20);padding-left:var(--wp--preset--spacing--20)\"><a href=\"https:\/\/ess.intercel.eu\/power-solutions\/wind-and-solar-energy-storage\/\" data-type=\"page\" data-id=\"4238\">Wind- und Solarenergiespeicherung<\/a><\/h3>\n<\/div>\n<\/div>\n\n\n\n<div class=\"wp-block-columns is-style-indrukwekkend-kolommen is-layout-flex wp-container-core-columns-is-layout-e79a657b wp-block-columns-is-layout-flex\" style=\"padding-top:0\">\n<div class=\"wp-block-column is-vertically-aligned-stretch is-style-indrukwekkend-afgerond has-horizontal-grey-to-dark-grey-gradient-background has-background is-layout-flow wp-block-column-is-layout-flow\">\n<figure class=\"wp-block-image aligncenter size-full is-resized is-style-default\"><img decoding=\"async\" src=\"https:\/\/intercel.eu\/app\/uploads\/sites\/4\/2024\/07\/EigenVerbruikOptimaliseren.svg\" alt=\"\" class=\"wp-image-5176\" style=\"width:auto;height:120px\"\/><\/figure>\n\n\n\n<h3 class=\"wp-block-heading has-contrast-color has-wit-background-color has-text-color has-background has-link-color has-medium-font-size wp-elements-d89b9cc04526939f87d92542fe45c755\" style=\"margin-top:0;margin-right:0;margin-bottom:0;margin-left:0;padding-top:var(--wp--preset--spacing--20);padding-right:var(--wp--preset--spacing--20);padding-bottom:var(--wp--preset--spacing--20);padding-left:var(--wp--preset--spacing--20)\"><a href=\"https:\/\/ess.intercel.eu\/power-solutions\/optimize-own-consumption\/\" data-type=\"page\" data-id=\"4241\">Optimieren Sie den eigenen Verbrauch<\/a><\/h3>\n<\/div>\n\n\n\n<div class=\"wp-block-column is-vertically-aligned-stretch is-style-indrukwekkend-afgerond has-horizontal-grey-to-dark-grey-gradient-background has-background is-layout-flow wp-block-column-is-layout-flow\">\n<figure class=\"wp-block-image aligncenter size-full is-resized is-style-default\"><img decoding=\"async\" src=\"https:\/\/intercel.eu\/app\/uploads\/sites\/4\/2024\/07\/price_wit-1.svg\" alt=\"Euromark Energy Trading | Cellpower\" class=\"wp-image-5107\" style=\"width:auto;height:120px\"\/><\/figure>\n\n\n\n<h3 class=\"wp-block-heading has-contrast-color has-wit-background-color has-text-color has-background has-link-color has-medium-font-size wp-elements-988b2f08b72f8f116699002fbf4c1d57\" style=\"margin-top:0;margin-right:0;margin-bottom:0;margin-left:0;padding-top:var(--wp--preset--spacing--20);padding-right:var(--wp--preset--spacing--20);padding-bottom:var(--wp--preset--spacing--20);padding-left:var(--wp--preset--spacing--20)\"><a href=\"https:\/\/ess.intercel.eu\/power-solutions\/energy-trading\/\" data-type=\"page\" data-id=\"4244\">Energiehandel<\/a><\/h3>\n<\/div>\n<\/div>\n<\/div>\n<\/div>\n\n<div class=\"wp-block-columns is-layout-flex wp-container-core-columns-is-layout-28f84493 wp-block-columns-is-layout-flex\">\n<div class=\"wp-block-column is-layout-flow wp-block-column-is-layout-flow\" style=\"flex-basis:100%\">\n<div class=\"wp-block-buttons is-content-justification-center is-layout-flex wp-container-core-buttons-is-layout-a89b3969 wp-block-buttons-is-layout-flex\">\n<div class=\"wp-block-button is-style-arrow\" id=\"contact-form-popup\"><a class=\"wp-block-button__link wp-element-button\" href=\"https:\/\/intercel.eu\/de\/kontakt\/\">Empfangsberechnung des Peak-Shaving<\/a><\/div>\n<\/div>\n<\/div>\n<\/div>\n\n<div class=\"wp-block-group alignfull is-style-default has-vertical-white-to-grey-gradient-background has-background has-global-padding is-layout-constrained wp-block-group-is-layout-constrained\">\n<div class=\"wp-block-group is-layout-flow wp-block-group-is-layout-flow\" style=\"padding-top:var(--wp--preset--spacing--40);padding-right:0;padding-bottom:var(--wp--preset--spacing--40);padding-left:0\">\n<blockquote class=\"wp-block-quote has-text-align-left alignfull is-style-plain has-contrast-color has-text-color has-link-color has-huge-font-size wp-elements-e9dc04e066e808c3a5ac8012b75a2525 is-layout-flow wp-block-quote-is-layout-flow\" style=\"font-style:normal;font-weight:900\">\n<p style=\"line-height:1.2\"><em>\u201cMit dieser L\u00f6sung k\u00f6nnen wir nicht nur unsere \u00d6fen reibungslos am Laufen halten, sondern auch die Betriebskosten besser kontrollieren. Die F\u00e4higkeit, unseren Energieverbrauch zu optimieren, ist f\u00fcr unser Gesch\u00e4ft unerl\u00e4sslich, und diese Technologie macht das m\u00f6glich.&#8221;<\/em><\/p>\n<\/blockquote>\n\n\n\n<div class=\"wp-block-columns is-layout-flex wp-container-core-columns-is-layout-28f84493 wp-block-columns-is-layout-flex\">\n<div class=\"wp-block-column is-layout-flow wp-block-column-is-layout-flow\">\n<figure class=\"wp-block-image size-full is-resized\"><img decoding=\"async\" src=\"https:\/\/intercel.eu\/app\/uploads\/sites\/4\/2025\/04\/Ontwerp-zonder-titel-92-edited.png\" alt=\"Logo TommyTomato\" class=\"wp-image-7102\" style=\"width:135px;height:auto\"\/><\/figure>\n\n\n\n<p><strong>Bas Turk,<\/strong><br\/>CEO von TommyTomato<\/p>\n<\/div>\n\n\n\n<div class=\"wp-block-column is-vertically-aligned-bottom is-layout-flow wp-block-column-is-layout-flow\">\n<div class=\"wp-block-buttons is-content-justification-right is-layout-flex wp-container-core-buttons-is-layout-ca13948c wp-block-buttons-is-layout-flex\">\n<div class=\"wp-block-button is-style-fill\"><a class=\"wp-block-button__link wp-element-button\" href=\"https:\/\/intercel.eu\/client-cases\/?_categories_cases=storage\">Entdecken Sie weitere Kundengeschichten<\/a><\/div>\n<\/div>\n<\/div>\n<\/div>\n<\/div>\n<\/div>\n\n<div class=\"wp-block-columns is-layout-flex wp-container-core-columns-is-layout-7abde1fe wp-block-columns-is-layout-flex\" style=\"padding-top:var(--wp--preset--spacing--40);padding-bottom:var(--wp--preset--spacing--40)\">\n<div class=\"wp-block-column is-vertically-aligned-center is-layout-flow wp-block-column-is-layout-flow\">\n<h2 class=\"wp-block-heading\">Werden Sie Partner von Cellpower<\/h2>\n\n\n\n<div class=\"wp-block-buttons is-layout-flex wp-block-buttons-is-layout-flex\">\n<div class=\"wp-block-button is-style-arrow\" id=\"contact-form-popup\"><a class=\"wp-block-button__link wp-element-button\" href=\"https:\/\/intercel.eu\/de\/kontakt\/\">Werde Partner.<\/a><\/div>\n<\/div>\n<\/div>\n\n\n\n<div class=\"wp-block-column is-vertically-aligned-center is-layout-flow wp-block-column-is-layout-flow\">\n<p>Als technischer Gro\u00dfh\u00e4ndler, Installateur oder Energieberater sehen Sie t\u00e4glich die Herausforderungen der Elektrifizierung. Sie unterst\u00fctzen Ihre Kunden bei den Energieherausforderungen unserer Zeit. Wir verstehen, dass Sie daf\u00fcr einen Batterielieferanten ben\u00f6tigen, der ans Telefon geht, das Gesch\u00e4ft versteht und eine Serviceabteilung hat, die Ihnen zur Seite steht. Durch die enge Zusammenarbeit mit EMS-Lieferanten, Gro\u00dfh\u00e4ndlern, Transporteuren und Installateuren gestalten wir den Installationsprozess so einfach wie m\u00f6glich. Entlasten Sie auch Ihre Kunden mit Energiespeichern? Werden Sie Partner von Cellpower!      <\/p>\n<\/div>\n<\/div>\n\n<div style=\"height:18px\" aria-hidden=\"true\" class=\"wp-block-spacer\"><\/div>\n","protected":false},"excerpt":{"rendered":"<p>&gt; 250 kWh sind f\u00fcr Sie bereit Der CESS 261-125 ist f\u00fcr Anwendungen konzipiert, bei denen Flexibilit\u00e4t und Zuverl\u00e4ssigkeit entscheidend sind. Von der Netzverst\u00e4rkung und Peak Shaving bis zur Lastspitzenpufferung. Mit mehr als 9.000 Zyklen und einer 10-j\u00e4hrigen Garantie liefert dieses System eine langfristige Leistung. Wie jedes Cellpower-System wurde auch der CESS 261-125 in den &hellip; <a href=\"https:\/\/intercel.eu\/de\/gewerbespeicher\/energiespeichersysteme\/cess-261-125\/\">Fortgesetzt<\/a><\/p>\n","protected":false},"author":1,"featured_media":0,"parent":7369,"menu_order":0,"comment_status":"closed","ping_status":"open","template":"","meta":{"footnotes":""},"class_list":["post-7457","page","type-page","status-publish","hentry"],"acf":[],"_links":{"self":[{"href":"https:\/\/intercel.eu\/de\/wp-json\/wp\/v2\/pages\/7457","targetHints":{"allow":["GET"]}}],"collection":[{"href":"https:\/\/intercel.eu\/de\/wp-json\/wp\/v2\/pages"}],"about":[{"href":"https:\/\/intercel.eu\/de\/wp-json\/wp\/v2\/types\/page"}],"author":[{"embeddable":true,"href":"https:\/\/intercel.eu\/de\/wp-json\/wp\/v2\/users\/1"}],"replies":[{"embeddable":true,"href":"https:\/\/intercel.eu\/de\/wp-json\/wp\/v2\/comments?post=7457"}],"version-history":[{"count":6,"href":"https:\/\/intercel.eu\/de\/wp-json\/wp\/v2\/pages\/7457\/revisions"}],"predecessor-version":[{"id":22212,"href":"https:\/\/intercel.eu\/de\/wp-json\/wp\/v2\/pages\/7457\/revisions\/22212"}],"up":[{"embeddable":true,"href":"https:\/\/intercel.eu\/de\/wp-json\/wp\/v2\/pages\/7369"}],"wp:attachment":[{"href":"https:\/\/intercel.eu\/de\/wp-json\/wp\/v2\/media?parent=7457"}],"curies":[{"name":"wp","href":"https:\/\/api.w.org\/{rel}","templated":true}]}}