{"id":7467,"date":"2025-10-30T11:36:54","date_gmt":"2025-10-30T10:36:54","guid":{"rendered":"https:\/\/intercel.eu\/?page_id=7467"},"modified":"2025-12-12T11:51:27","modified_gmt":"2025-12-12T10:51:27","slug":"batteriesicherheit","status":"publish","type":"page","link":"https:\/\/intercel.eu\/de\/wissen-erkenntnisse\/batteriesicherheit\/","title":{"rendered":"Batteriesicherheit"},"content":{"rendered":"\n<div class=\"wp-block-group has-global-padding is-layout-constrained wp-block-group-is-layout-constrained\">\n<div class=\"wp-block-columns is-layout-flex wp-container-core-columns-is-layout-28f84493 wp-block-columns-is-layout-flex\">\n<div class=\"wp-block-column is-vertically-aligned-center is-layout-flow wp-block-column-is-layout-flow\">\n<h2 class=\"wp-block-heading\">Grundlagen der Energiespeicherung<\/h2>\n<\/div>\n\n\n\n<div class=\"wp-block-column is-layout-flow wp-block-column-is-layout-flow\">\n<p>Energiespeicherung spielt eine immer gr\u00f6\u00dfere Rolle in unserer Energieversorgung: mitten in der gebauten Umwelt, in der N\u00e4he von Menschen, Unternehmen und kritischer Infrastruktur. Das macht Sicherheit nicht zu einer Wahl, sondern zu einer absoluten Voraussetzung. Ob Brandschutz, Explosionsgefahr oder Cyberbedrohungen: Die Folgen einer unsicheren Installation k\u00f6nnen enorm sein. Wir stellen sicher, dass Ihre Energiespeicherung die h\u00f6chsten Sicherheitsstandards erf\u00fcllt, damit Sie Ihre Energiespeicherung mit guter Sicherheit ausbauen k\u00f6nnen.     <\/p>\n<\/div>\n<\/div>\n<\/div>\n\n<div class=\"wp-block-columns is-layout-flex wp-container-core-columns-is-layout-28f84493 wp-block-columns-is-layout-flex\">\n<div class=\"wp-block-column is-layout-flow wp-block-column-is-layout-flow\">\n<figure class=\"wp-block-image is-style-rounded\"><img decoding=\"async\" src=\"https:\/\/intercel.eu\/app\/uploads\/sites\/4\/2025\/03\/IMG_9207-600x600.jpg\" alt=\"Sicherheit der Energiespeicherung | Cellpower\" class=\"wp-image-6973\"\/><\/figure>\n<\/div>\n\n\n\n<div class=\"wp-block-column is-layout-flow wp-block-column-is-layout-flow\">\n<h2 class=\"wp-block-heading\">Physische Sicherheit gem\u00e4\u00df den Richtlinien<\/h2>\n\n\n\n<p>Energiespeichersysteme mit Lithium-Ionen-Batterien fallen unter die Richtlinien PGS 37-1 und PGS 37-2. Diese Vorschriften sind darauf ausgelegt, Brand- und Explosionsgefahren zu minimieren und eine sichere Installation und Platzierung sicherzustellen.   <\/p>\n\n\n\n<p>Als Hersteller sind wir stets auf dem neuesten Stand der Entwicklungen in Gesetzen und Vorschriften. Wir f\u00fchren Sie durch:   <\/p>\n\n\n\n<ul class=\"wp-block-list\">\n<li>Ordnungsgem\u00e4\u00dfe Anwendung von PGS 37-1 zur Stromspeicherung in Energiespeichersystemen<\/li>\n\n\n\n<li>Einhaltung von PGS 37-2 f\u00fcr die Speicherung von lithiumbasierten Energietr\u00e4gern.<\/li>\n\n\n\n<li>Einholung von Genehmigungen und R\u00fccksprache mit lokalen Beh\u00f6rden<\/li>\n<\/ul>\n\n\n\n<div class=\"wp-block-buttons is-layout-flex wp-block-buttons-is-layout-flex\">\n<div class=\"wp-block-button is-style-arrow\"><a class=\"wp-block-button__link wp-element-button\" href=\"https:\/\/intercel.eu\/de\/wissenszentrum\/sicherheit\/pgs-37-1\/\">PGS 37 &#8211; 1<\/a><\/div>\n\n\n\n<div class=\"wp-block-button is-style-arrow\"><a class=\"wp-block-button__link wp-element-button\" href=\"https:\/\/intercel.eu\/de\/wissenszentrum\/sicherheit\/pgs-37-2\/\">PGS 37 &#8211; 2<\/a><\/div>\n<\/div>\n<\/div>\n<\/div>\n\n<div style=\"height:10px\" aria-hidden=\"true\" class=\"wp-block-spacer\"><\/div>\n\n<div class=\"wp-block-columns is-layout-flex wp-container-core-columns-is-layout-28f84493 wp-block-columns-is-layout-flex\">\n<div class=\"wp-block-column is-layout-flow wp-block-column-is-layout-flow\">\n<h2 class=\"wp-block-heading\">Digitale Sicherheit: Cybersicherheit durch Design<\/h2>\n\n\n\n<p>Moderne Energiespeichersysteme sind digital mit EMS-Systemen, Cloud-\u00dcberwachung und manchmal sogar Netzbetreibern verbunden. Diese Konnektivit\u00e4t birgt Risiken \u2013 von Hacking bis hin zu Ransomware.   <\/p>\n\n\n\n<p>Daher sind unsere Systeme standardisiert mit:<\/p>\n\n\n\n<ul class=\"wp-block-list\">\n<li>Eine getrennte Netzwerkarchitektur<\/li>\n\n\n\n<li>Lokale Kontrollintelligenz \u00fcber den CESS-Controller<\/li>\n\n\n\n<li>VPN-only-Zugang mit 2FA<\/li>\n\n\n\n<li>4G-Backup f\u00fcr das Management von Netzausf\u00e4llen<\/li>\n\n\n\n<li>Regelm\u00e4\u00dfige Pen-Tests und Aktualisierungen<\/li>\n<\/ul>\n\n\n\n<div class=\"wp-block-buttons is-layout-flex wp-block-buttons-is-layout-flex\">\n<div class=\"wp-block-button is-style-arrow\"><a class=\"wp-block-button__link wp-element-button\" href=\"https:\/\/intercel.eu\/de\/wissenszentrum\/sicherheit\/cybersecurity\/\">Mehr \u00fcber die Cybersicherheit von Cellpower<\/a><\/div>\n<\/div>\n<\/div>\n\n\n\n<div class=\"wp-block-column is-layout-flow wp-block-column-is-layout-flow\">\n<figure class=\"wp-block-image is-style-rounded\"><img decoding=\"async\" src=\"https:\/\/intercel.eu\/app\/uploads\/sites\/4\/2025\/03\/IMG_9217-600x600.jpg\" alt=\"Cybersicherheit von Energiespeichersystemen | Cellpower\" class=\"wp-image-6976\"\/><\/figure>\n<\/div>\n<\/div>\n\n<div style=\"height:5px\" aria-hidden=\"true\" class=\"wp-block-spacer\"><\/div>\n\n<div class=\"wp-block-columns is-layout-flex wp-container-core-columns-is-layout-28f84493 wp-block-columns-is-layout-flex\">\n<div class=\"wp-block-column is-layout-flow wp-block-column-is-layout-flow\">\n<h2 class=\"wp-block-heading\">Sicherheit beginnt mit dem Design<\/h2>\n<\/div>\n\n\n\n<div class=\"wp-block-column is-layout-flow wp-block-column-is-layout-flow\">\n<p>Egal, ob Sie ein System drinnen oder drau\u00dfen installieren, es physisch oder aus der Ferne verwalten: Sicherheitsma\u00dfnahmen sind bei uns Standard. Cellpower-Energiespeichersysteme entsprechen Vorschriften und halten gleichzeitig digitalen Risiken stand, die noch auftreten k\u00f6nnen.   <\/p>\n<\/div>\n<\/div>\n\n<div style=\"height:5px\" aria-hidden=\"true\" class=\"wp-block-spacer\"><\/div>\n\n<div class=\"wp-block-columns has-horizontal-dark-grey-to-grey-gradient-background has-background is-layout-flex wp-container-core-columns-is-layout-a5331a9e wp-block-columns-is-layout-flex\" style=\"border-top-left-radius:35px;border-top-right-radius:32px;border-bottom-left-radius:35px;border-bottom-right-radius:32px;padding-top:0;padding-right:0;padding-bottom:0;padding-left:0;box-shadow:var(--wp--preset--shadow--natural)\">\n<div class=\"wp-block-column is-vertically-aligned-stretch is-layout-flow wp-block-column-is-layout-flow\" style=\"flex-basis:33.33%\">\n<div class=\"wp-block-group is-style-default has-global-padding is-layout-constrained wp-container-core-group-is-layout-72d38984 wp-block-group-is-layout-constrained has-background\" style=\"border-top-left-radius:25px;border-bottom-left-radius:25px;min-height:100%;margin-top:0;margin-bottom:0;padding-top:0;padding-right:0;padding-bottom:0;padding-left:0;background-image:url(&apos;https:\/\/intercel.eu\/\/app\/uploads\/2025\/11\/Battery-project-in-mind.png&apos;);background-position:59% 32%;background-size:cover;\">\n<div style=\"height:200px\" aria-hidden=\"true\" class=\"wp-block-spacer\"><\/div>\n<\/div>\n<\/div>\n\n\n\n<div class=\"wp-block-column is-vertically-aligned-center has-global-padding is-layout-constrained wp-block-column-is-layout-constrained\" style=\"flex-basis:66.66%\">\n<div class=\"wp-block-group has-global-padding is-layout-constrained wp-container-core-group-is-layout-85182686 wp-block-group-is-layout-constrained\" style=\"padding-top:var(--wp--preset--spacing--30);padding-right:var(--wp--preset--spacing--70);padding-bottom:var(--wp--preset--spacing--30);padding-left:var(--wp--preset--spacing--10)\">\n<h2 class=\"wp-block-heading has-wit-color has-text-color has-link-color wp-elements-8f8cbb9d1f928b5ad1cbb5f7458363f6\">Haben du ein Projekt im Sinn?<\/h2>\n\n\n\n<p class=\"has-bijna-wit-color has-text-color has-link-color wp-elements-5bb223514d3ec5fbe1df100e44febb76\">Von unseren eigenen Premium-Marken bis hin zu f\u00fchrenden A-Marken bieten wir eine komplette Palette hochwertiger Batterien und Energiesysteme. Immer ausgew\u00e4hlt, um Zuverl\u00e4ssigkeit, Leistung und eine perfekte Passform f\u00fcr dein Projekt zu gew\u00e4hrleisten. <\/p>\n\n\n\n<div class=\"wp-block-buttons alignfull is-horizontal is-content-justification-left is-layout-flex wp-container-core-buttons-is-layout-036cb0ab wp-block-buttons-is-layout-flex\">\n<div class=\"wp-block-button is-style-arrow-white\" id=\"contact-form-popup\"><a class=\"wp-block-button__link has-text-align-center wp-element-button\" href=\"https:\/\/intercel.eu\/de\/kontakt\/\">Sprechen Sie mit unseren Experten<\/a><\/div>\n<\/div>\n<\/div>\n<\/div>\n<\/div>\n\n<div style=\"height:12px\" aria-hidden=\"true\" class=\"wp-block-spacer\"><\/div>\n\n<div class=\"wp-block-columns is-not-stacked-on-mobile has-vertical-grey-to-white-gradient-background has-background is-layout-flex wp-container-core-columns-is-layout-a5331a9e wp-block-columns-is-layout-flex\" style=\"border-top-left-radius:25px;border-top-right-radius:25px;border-bottom-left-radius:25px;border-bottom-right-radius:25px;padding-top:0;padding-right:0;padding-bottom:0;padding-left:0;box-shadow:var(--wp--preset--shadow--natural)\">\n<div class=\"wp-block-column is-vertically-aligned-center is-layout-flow wp-block-column-is-layout-flow\">\n<div class=\"wp-block-group has-global-padding is-layout-constrained wp-container-core-group-is-layout-52009084 wp-block-group-is-layout-constrained\" style=\"padding-top:var(--wp--preset--spacing--40);padding-right:var(--wp--preset--spacing--40);padding-bottom:var(--wp--preset--spacing--40);padding-left:var(--wp--preset--spacing--40)\">\n<h2 class=\"wp-block-heading has-contrast-color has-text-color has-link-color has-x-large-font-size wp-elements-42aaf3397b600dfc7e6783e2d48713f2\">Bleib mit <em>The Current<\/em> aktiv<\/h2>\n\n\n\n<p class=\"has-contrast-color has-text-color has-link-color wp-elements-70a65d2b9c4980d02f1ed88b4eac3bb0\">Abonnieren Sie unser digitales Journal <em>The Current<\/em> und bleiben Sie informiert \u00fcber die neuesten Batterieinnovationen, Veranstaltungen, Marktentwicklungen und Praxisbeispiele.<\/p>\n\n\n\n<div class=\"wp-block-buttons is-content-justification-left is-layout-flex wp-container-core-buttons-is-layout-fc4fd283 wp-block-buttons-is-layout-flex\">\n<div class=\"wp-block-button is-style-arrow\"><a class=\"wp-block-button__link has-text-align-center wp-element-button\" href=\"https:\/\/mailchi.mp\/420996ce8b06\/subscribe-to-the-current\" target=\"_blank\" rel=\"noopener\">Abonnieren<\/a><\/div>\n<\/div>\n<\/div>\n<\/div>\n\n\n\n<div class=\"wp-block-column is-vertically-aligned-center is-style-default is-layout-flow wp-container-core-column-is-layout-f8561097 wp-block-column-is-layout-flow\" style=\"border-radius:25px;padding-top:0;padding-right:0;padding-bottom:0;padding-left:0;flex-basis:33.33%\">\n<div class=\"wp-block-group has-global-padding is-layout-constrained wp-block-group-is-layout-constrained has-background\" style=\"border-top-right-radius:25px;border-bottom-right-radius:25px;background-image:url(&apos;https:\/\/intercel.eu\/\/app\/uploads\/2025\/11\/The-Current-newspaper-1.png&apos;);background-position:20% 70%;background-size:cover;background-attachment:scroll;\">\n<div style=\"height:280px\" aria-hidden=\"true\" class=\"wp-block-spacer\"><\/div>\n<\/div>\n<\/div>\n<\/div>\n","protected":false},"excerpt":{"rendered":"<p>Grundlagen der Energiespeicherung Energiespeicherung spielt eine immer gr\u00f6\u00dfere Rolle in unserer Energieversorgung: mitten in der gebauten Umwelt, in der N\u00e4he von Menschen, Unternehmen und kritischer Infrastruktur. Das macht Sicherheit nicht zu einer Wahl, sondern zu einer absoluten Voraussetzung. Ob Brandschutz, Explosionsgefahr oder Cyberbedrohungen: Die Folgen einer unsicheren Installation k\u00f6nnen enorm sein. Wir stellen sicher, dass &hellip; <a href=\"https:\/\/intercel.eu\/de\/wissen-erkenntnisse\/batteriesicherheit\/\">Fortgesetzt<\/a><\/p>\n","protected":false},"author":1,"featured_media":7424,"parent":10221,"menu_order":0,"comment_status":"closed","ping_status":"closed","template":"","meta":{"footnotes":""},"class_list":["post-7467","page","type-page","status-publish","has-post-thumbnail","hentry"],"acf":[],"_links":{"self":[{"href":"https:\/\/intercel.eu\/de\/wp-json\/wp\/v2\/pages\/7467","targetHints":{"allow":["GET"]}}],"collection":[{"href":"https:\/\/intercel.eu\/de\/wp-json\/wp\/v2\/pages"}],"about":[{"href":"https:\/\/intercel.eu\/de\/wp-json\/wp\/v2\/types\/page"}],"author":[{"embeddable":true,"href":"https:\/\/intercel.eu\/de\/wp-json\/wp\/v2\/users\/1"}],"replies":[{"embeddable":true,"href":"https:\/\/intercel.eu\/de\/wp-json\/wp\/v2\/comments?post=7467"}],"version-history":[{"count":3,"href":"https:\/\/intercel.eu\/de\/wp-json\/wp\/v2\/pages\/7467\/revisions"}],"predecessor-version":[{"id":20956,"href":"https:\/\/intercel.eu\/de\/wp-json\/wp\/v2\/pages\/7467\/revisions\/20956"}],"up":[{"embeddable":true,"href":"https:\/\/intercel.eu\/de\/wp-json\/wp\/v2\/pages\/10221"}],"wp:featuredmedia":[{"embeddable":true,"href":"https:\/\/intercel.eu\/de\/wp-json\/wp\/v2\/media\/7424"}],"wp:attachment":[{"href":"https:\/\/intercel.eu\/de\/wp-json\/wp\/v2\/media?parent=7467"}],"curies":[{"name":"wp","href":"https:\/\/api.w.org\/{rel}","templated":true}]}}