{"id":36958,"date":"2026-03-19T15:09:19","date_gmt":"2026-03-19T14:09:19","guid":{"rendered":"https:\/\/intercel.eu\/product\/wing-5gpl-5048\/"},"modified":"2026-03-20T13:27:08","modified_gmt":"2026-03-20T12:27:08","slug":"wing-5gpl-5048","status":"publish","type":"product","link":"https:\/\/intercel.eu\/de\/produkt\/wing-5gpl-5048\/","title":{"rendered":"Wing 5GPL 5048"},"content":{"rendered":"<p>Speziell f\u00fcr moderne Netzwerkanforderungen entwickelt, bietet die <strong>Wing 5GPL 5048<\/strong> Lithium-Batterie eine kompakte und skalierbare L\u00f6sung f\u00fcr <strong>5G-Mobilfunkmasten<\/strong>. Sie liefert hohe Entladeeffizienz und schnelles Wiederaufladen und ist damit die ideale Wahl f\u00fcr unternehmenskritische Kommunikationsknotenpunkte. <\/p>\n","protected":false},"excerpt":{"rendered":"<p>Speziell f\u00fcr moderne Netzwerkanforderungen entwickelt, bietet die Wing 5GPL 5048 Lithium-Batterie eine kompakte und skalierbare L\u00f6sung f\u00fcr 5G-Mobilfunkmasten. Sie liefert hohe Entladeeffizienz und schnelles Wiederaufladen und ist damit die ideale Wahl f\u00fcr unternehmenskritische Kommunikationsknotenpunkte.<\/p>\n","protected":false},"featured_media":36970,"template":"","meta":[],"product_brand":[2696],"product_cat":[2447,2448],"product_tag":[],"product_kind":[1783],"product_usage":[1770],"product_application":[2703],"class_list":{"0":"post-36958","1":"product","2":"type-product","3":"status-publish","4":"has-post-thumbnail","6":"product_brand-wing","7":"product_cat-standby","8":"product_cat-standby-akku","9":"product_kind-lithium-de","10":"product_usage-standby-de","11":"product_application-telekommunikation","13":"first","14":"instock","15":"shipping-taxable","16":"product-type-simple"},"acf":[],"_links":{"self":[{"href":"https:\/\/intercel.eu\/de\/wp-json\/wp\/v2\/product\/36958","targetHints":{"allow":["GET"]}}],"collection":[{"href":"https:\/\/intercel.eu\/de\/wp-json\/wp\/v2\/product"}],"about":[{"href":"https:\/\/intercel.eu\/de\/wp-json\/wp\/v2\/types\/product"}],"wp:featuredmedia":[{"embeddable":true,"href":"https:\/\/intercel.eu\/de\/wp-json\/wp\/v2\/media\/36970"}],"wp:attachment":[{"href":"https:\/\/intercel.eu\/de\/wp-json\/wp\/v2\/media?parent=36958"}],"wp:term":[{"taxonomy":"product_brand","embeddable":true,"href":"https:\/\/intercel.eu\/de\/wp-json\/wp\/v2\/product_brand?post=36958"},{"taxonomy":"product_cat","embeddable":true,"href":"https:\/\/intercel.eu\/de\/wp-json\/wp\/v2\/product_cat?post=36958"},{"taxonomy":"product_tag","embeddable":true,"href":"https:\/\/intercel.eu\/de\/wp-json\/wp\/v2\/product_tag?post=36958"},{"taxonomy":"product_kind","embeddable":true,"href":"https:\/\/intercel.eu\/de\/wp-json\/wp\/v2\/product_kind?post=36958"},{"taxonomy":"product_usage","embeddable":true,"href":"https:\/\/intercel.eu\/de\/wp-json\/wp\/v2\/product_usage?post=36958"},{"taxonomy":"product_application","embeddable":true,"href":"https:\/\/intercel.eu\/de\/wp-json\/wp\/v2\/product_application?post=36958"}],"curies":[{"name":"wp","href":"https:\/\/api.w.org\/{rel}","templated":true}]}}