{"id":37007,"date":"2026-03-20T11:46:58","date_gmt":"2026-03-20T10:46:58","guid":{"rendered":"https:\/\/intercel.eu\/product\/wing-esl-180-ftht\/"},"modified":"2026-03-20T13:28:25","modified_gmt":"2026-03-20T12:28:25","slug":"wing-esl-180-ftht","status":"publish","type":"product","link":"https:\/\/intercel.eu\/de\/produkt\/wing-esl-180-ftht\/","title":{"rendered":"Wing ESL 180-FTHT"},"content":{"rendered":"<p>Die <strong>Wing ESL 180-12 FT<\/strong> ist eine spezialisierte AGM-Batterie mit Front-Terminal-Design f\u00fcr einfache Installation und Wartung in <strong>Standard-Telekommunikationsschr\u00e4nken<\/strong>. Gebaut f\u00fcr Langlebigkeit und lange Standby-Lebensdauer, bietet sie eine \u00e4u\u00dferst zuverl\u00e4ssige Energiereserve f\u00fcr kritische Infrastruktur. <\/p>\n","protected":false},"excerpt":{"rendered":"<p>Die Wing ESL 180-12 FT ist eine spezialisierte AGM-Batterie mit Front-Terminal-Design f\u00fcr einfache Installation und Wartung in Standard-Telekommunikationsschr\u00e4nken. Gebaut f\u00fcr Langlebigkeit und lange Standby-Lebensdauer, bietet sie eine \u00e4u\u00dferst zuverl\u00e4ssige Energiereserve f\u00fcr kritische Infrastruktur.<\/p>\n","protected":false},"featured_media":37009,"template":"","meta":[],"product_brand":[2696],"product_cat":[2447,2448],"product_tag":[],"product_kind":[1774],"product_usage":[1770],"product_application":[2703],"class_list":{"0":"post-37007","1":"product","2":"type-product","3":"status-publish","4":"has-post-thumbnail","6":"product_brand-wing","7":"product_cat-standby","8":"product_cat-standby-akku","9":"product_kind-agm-de","10":"product_usage-standby-de","11":"product_application-telekommunikation","13":"first","14":"instock","15":"shipping-taxable","16":"product-type-simple"},"acf":[],"_links":{"self":[{"href":"https:\/\/intercel.eu\/de\/wp-json\/wp\/v2\/product\/37007","targetHints":{"allow":["GET"]}}],"collection":[{"href":"https:\/\/intercel.eu\/de\/wp-json\/wp\/v2\/product"}],"about":[{"href":"https:\/\/intercel.eu\/de\/wp-json\/wp\/v2\/types\/product"}],"wp:featuredmedia":[{"embeddable":true,"href":"https:\/\/intercel.eu\/de\/wp-json\/wp\/v2\/media\/37009"}],"wp:attachment":[{"href":"https:\/\/intercel.eu\/de\/wp-json\/wp\/v2\/media?parent=37007"}],"wp:term":[{"taxonomy":"product_brand","embeddable":true,"href":"https:\/\/intercel.eu\/de\/wp-json\/wp\/v2\/product_brand?post=37007"},{"taxonomy":"product_cat","embeddable":true,"href":"https:\/\/intercel.eu\/de\/wp-json\/wp\/v2\/product_cat?post=37007"},{"taxonomy":"product_tag","embeddable":true,"href":"https:\/\/intercel.eu\/de\/wp-json\/wp\/v2\/product_tag?post=37007"},{"taxonomy":"product_kind","embeddable":true,"href":"https:\/\/intercel.eu\/de\/wp-json\/wp\/v2\/product_kind?post=37007"},{"taxonomy":"product_usage","embeddable":true,"href":"https:\/\/intercel.eu\/de\/wp-json\/wp\/v2\/product_usage?post=37007"},{"taxonomy":"product_application","embeddable":true,"href":"https:\/\/intercel.eu\/de\/wp-json\/wp\/v2\/product_application?post=37007"}],"curies":[{"name":"wp","href":"https:\/\/api.w.org\/{rel}","templated":true}]}}