{"id":10172,"date":"2025-11-06T10:43:04","date_gmt":"2025-11-06T09:43:04","guid":{"rendered":"https:\/\/intercel.eu\/?page_id=10172"},"modified":"2025-12-16T13:22:30","modified_gmt":"2025-12-16T12:22:30","slug":"lithiumaccu-200ah","status":"publish","type":"page","link":"https:\/\/intercel.eu\/nl\/kennis-inzicht\/accutechnologie\/lithium-accus\/lithiumaccu-200ah\/","title":{"rendered":"Lithium accu 200ah"},"content":{"rendered":"\n<div class=\"wp-block-group alignwide has-global-padding is-layout-constrained wp-block-group-is-layout-constrained\">\n<div class=\"wp-block-group has-global-padding is-layout-constrained wp-block-group-is-layout-constrained\">\n<p>Lithium accu van 200Ah kan flink veel energie geven. Maar hoe zit zo\u2019n accu eigenlijk in elkaar, en waar kun je deze voor gebruiken? We leggen het hieronder voor je uit. Tevens lichten we een aantal 200Ah lithium accu\u2019s voor je uit. <\/p>\n\n\n\n<div class=\"wp-block-buttons is-layout-flex wp-block-buttons-is-layout-flex\">\n<div class=\"wp-block-button is-style-arrow\"><a class=\"wp-block-button__link wp-element-button\" href=\"https:\/\/intercel.eu\/motive\/products\/\">Bekijk alle accu\u2019s<\/a><\/div>\n<\/div>\n\n\n\n<h2 class=\"wp-block-heading has-x-large-font-size\">Wat is een lithium accu van 200Ah?<\/h2>\n\n\n\n<p>Een accu verschilt van een accu. \u2018Accu\u2019 komt van het Engelse woord \u2018accumulator\u2019, wat betekent dat iets wordt opgebouwd of verzameld. Een accu kan dus zowel energie afgeven als opslaan. Dit in tegenstelling tot accu&#8217;s. Accu\u2019s worden vaak gemaakt voor een specifiek apparaat, met een unieke vorm en formaat. <\/p>\n\n\n\n<p>De samenstelling van lithium accu\u2019s geeft een elektrochemische reactie die energie opwekt. Die reactie vindt plaats tussen mangaandioxide en lithium. Daarnaast hebben lithium accu\u2019s en accu&#8217;s een hoge energiedichtheid en een geringe zelfontlading. Dat betekent in de praktijk dat lithium accu&#8217;s en accu\u2019s veel langer meegaan dan andere soorten accu\u2019s en accu&#8217;s. <\/p>\n\n\n\n<p>Tot slot: waar staat dan de 200Ah voor? Een <a href=\"https:\/\/intercel.eu\/nl\/kennis-inzicht\/accutechnologie\/lithiumaccu's\/\" data-type=\"page\" data-id=\"10230\">lithium accu<\/a> heeft een specifieke chemische samenstelling en verschilt in amp\u00e8re-uur: de afkorting daarvoor is \u2018Ah\u2019. Met deze waarde wordt aangegeven hoeveel amp\u00e8re per uur een accu kan leveren. Hoe hoger het getal dat voor de Ah staat, hoe meer amp\u00e8re per uur de accu dus kan leveren aan een apparaat. In het geval van een 200Ah lithium accu kan er 200 amp\u00e8re in een uur worden geleverd.    <\/p>\n\n\n\n<h2 class=\"wp-block-heading has-x-large-font-size\">Waarvoor wordt een 200Ah lithium accu gebruikt?<\/h2>\n\n\n\n<p>De toepasbaarheid van lithium accu\u2019s is zeer breed. Denk je bijvoorbeeld aan gehoorapparaten, elektronisch speelgoed of horloges. Een 200Ah lithium accu genereert heel veel energie en is daarom ook zeer geschikt voor grote apparaten en systemen. Hierbij kun je denken aan accu\u2019s voor zonne-energie, elektrische hijskranen, liften en campers. <\/p>\n\n\n\n<h2 class=\"wp-block-heading has-x-large-font-size\">De verschillen tussen lithium accu\u2019s en AGM accu\u2019s<\/h2>\n\n\n\n<p>Naast lithium accu\u2019s zijn er ook andere soorten accu\u2019s te verkrijgen. Bijvoorbeeld de AGM accu, oftewel de Absorbed Glass Mat accu. Dit is een accu waarbij het accuzuur opgenomen is in geweven glasvezelmatten, die tussen de loodplaten van de accu zitten.  <\/p>\n\n\n\n<p>De AGM accu kent een lange levensduur, behoeft nauwelijks onderhoud en heeft een geringe zelfontlading. Deze accu is geschikt voor verschillende apparaten: van speelgoed tot UPS systemen. Een AGM accu kun je rond de 1500 keer opladen. <\/p>\n\n\n\n<p>Een lithium accu kun je daarentegen wel 25.000 keer opladen!\nDit heeft onder andere te maken met de hoge energiedichtheid en beperkte zelfontlading. <\/p>\n\n\n\n<h2 class=\"wp-block-heading has-x-large-font-size\">Welke 200Ah lithium accu\u2019s vind je bij Intercel?<\/h2>\n\n\n\n<p>In ons aanbod vind je verschillende 200Ah lithium accu\u2019s, zoals de <a href=\"https:\/\/intercel.eu\/nl\/app\/uploads\/2025\/10\/cellpower-cpg-200-12.png\" data-type=\"product\" data-id=\"9440\">Cellpower CPG 200 \u2013 12 accu<\/a> of de Cellpower CPT 200 \u2013 6 accu. Maar je kunt bij ons ook terecht voor lithium accu\u2019s van bijvoorbeeld 40Ah of <a href=\"https:\/\/intercel.eu\/nl\/kennis-inzicht\/accutechnologie\/lithiumaccu's\/lihium-accu-100ah\/\" data-type=\"page\" data-id=\"10234\">100Ah <\/a>. Heb je ook graag een acculader in huis? Bekijk dan onze <a href=\"https:\/\/intercel.eu\/nl\/motive\/laders\/\" data-type=\"page\" data-id=\"17647\">acculaders<\/a>!   <\/p>\n\n\n\n<div class=\"wp-block-buttons is-layout-flex wp-block-buttons-is-layout-flex\">\n<div class=\"wp-block-button is-style-arrow\"><a class=\"wp-block-button__link wp-element-button\" href=\"https:\/\/intercel.eu\/motive\/products\/\">Bekijk alle accu\u2019s<\/a><\/div>\n<\/div>\n<\/div>\n<\/div>\n","protected":false},"excerpt":{"rendered":"<p>Lithium accu van 200Ah kan flink veel energie geven. Maar hoe zit zo\u2019n accu eigenlijk in elkaar, en waar kun je deze voor gebruiken? We leggen het hieronder voor je uit. Tevens lichten we een aantal 200Ah lithium accu\u2019s voor je uit. Wat is een lithium accu van 200Ah? Een accu verschilt van een accu. &hellip; <a href=\"https:\/\/intercel.eu\/nl\/kennis-inzicht\/accutechnologie\/lithium-accus\/lithiumaccu-200ah\/\">Voortgezet<\/a><\/p>\n","protected":false},"author":1,"featured_media":10173,"parent":10170,"menu_order":0,"comment_status":"open","ping_status":"open","template":"","meta":{"footnotes":""},"class_list":["post-10172","page","type-page","status-publish","has-post-thumbnail","hentry"],"acf":[],"_links":{"self":[{"href":"https:\/\/intercel.eu\/nl\/wp-json\/wp\/v2\/pages\/10172","targetHints":{"allow":["GET"]}}],"collection":[{"href":"https:\/\/intercel.eu\/nl\/wp-json\/wp\/v2\/pages"}],"about":[{"href":"https:\/\/intercel.eu\/nl\/wp-json\/wp\/v2\/types\/page"}],"author":[{"embeddable":true,"href":"https:\/\/intercel.eu\/nl\/wp-json\/wp\/v2\/users\/1"}],"replies":[{"embeddable":true,"href":"https:\/\/intercel.eu\/nl\/wp-json\/wp\/v2\/comments?post=10172"}],"version-history":[{"count":7,"href":"https:\/\/intercel.eu\/nl\/wp-json\/wp\/v2\/pages\/10172\/revisions"}],"predecessor-version":[{"id":22815,"href":"https:\/\/intercel.eu\/nl\/wp-json\/wp\/v2\/pages\/10172\/revisions\/22815"}],"up":[{"embeddable":true,"href":"https:\/\/intercel.eu\/nl\/wp-json\/wp\/v2\/pages\/10170"}],"wp:featuredmedia":[{"embeddable":true,"href":"https:\/\/intercel.eu\/nl\/wp-json\/wp\/v2\/media\/10173"}],"wp:attachment":[{"href":"https:\/\/intercel.eu\/nl\/wp-json\/wp\/v2\/media?parent=10172"}],"curies":[{"name":"wp","href":"https:\/\/api.w.org\/{rel}","templated":true}]}}