{"id":10174,"date":"2025-11-06T10:43:04","date_gmt":"2025-11-06T09:43:04","guid":{"rendered":"https:\/\/intercel.eu\/?page_id=10174"},"modified":"2025-12-16T13:22:29","modified_gmt":"2025-12-16T12:22:29","slug":"lihium-accu-100ah","status":"publish","type":"page","link":"https:\/\/intercel.eu\/nl\/kennis-inzicht\/accutechnologie\/lithium-accus\/lihium-accu-100ah\/","title":{"rendered":"Lihium accu 100ah"},"content":{"rendered":"\n<div class=\"wp-block-group alignwide has-global-padding is-layout-constrained wp-block-group-is-layout-constrained\">\n<div class=\"wp-block-group has-global-padding is-layout-constrained wp-block-group-is-layout-constrained\">\n<p>Ben je op zoek naar een lithiumaccu met een capaciteit van 100Ah?\nDan ben je bij Intercel aan het juiste adres!\nHier vind je een breed assortiment lithiumaccu&#8217;s van betrouwbare merken en van hoge kwaliteit. <\/p>\n\n\n\n<div class=\"wp-block-buttons is-layout-flex wp-block-buttons-is-layout-flex\">\n<div class=\"wp-block-button is-style-arrow\"><a class=\"wp-block-button__link wp-element-button\" href=\"https:\/\/intercel.eu\/nl\/producten\/accu's\/\">Bekijk alle accu\u2019s<\/a><\/div>\n<\/div>\n\n\n\n<h2 class=\"wp-block-heading has-x-large-font-size\">Wat is een lithium accu van 100Ah?<\/h2>\n\n\n\n<p>Een accu is niet hetzelfde als een accu. Het woord \u2018accu\u2019 is afgeleid van het Engelse woord \u2018accumulator\u2019, oftewel: iets wat opbouwt of verzamelt. Een accu kan dus een bepaalde vorm van energie afgeven \u00e9n ook weer opslaan. Dit in tegenstelling tot accu&#8217;s. Accu\u2019s worden vaak gemaakt voor een specifiek apparaat, met een bijpassende unieke vorm en formaat. <\/p>\n\n\n\n<p>Een <a href=\"https:\/\/intercel.eu\/nl\/kennis-inzicht\/accutechnologie\/lithiumaccu's\/\" data-type=\"page\" data-id=\"10230\">lithium accu<\/a> kent een bepaalde chemische samenstelling en varieert in amp\u00e8re-uur: oftewel \u2018Ah\u2019. Dit is een waarde die aangeeft hoeveel amp\u00e8re een accu in een uur kan leveren. Hoe hoger het getal dat v\u00f3\u00f3r de Ah staat, hoe meer amp\u00e8re de accu kan leveren aan een apparaat. Een 100Ah lithium accu kan dus 100 amp\u00e8re in een uur leveren.   <\/p>\n\n\n\n<h2 class=\"wp-block-heading has-x-large-font-size\">Waarvoor wordt een 100Ah lithium accu gebruikt?<\/h2>\n\n\n\n<p>Lithium accu\u2019s worden voor verschillende apparaten gebruikt. Bijvoorbeeld voor horloges, gehoorapparaten, elektronisch speelgoed en scheerapparaten, maar ook fietsen, auto\u2019s en mobiele telefoons. Een 100Ah lithium accu kan flink veel energie geven, en is daarom geschikt voor grote apparaten. Denk hierbij aan computers, robotica en zonnepanelen, maar ook voertuigen als scootmobielen, elektrische bouwmachines en hoogwerkers. Deze 100Ah lithium accu\u2019s verschillen per gewicht: zo vind je bij ons accu\u2019s van 2,05 kg, maar ook van 14,5 kg. <\/p>\n\n\n\n<h2 class=\"wp-block-heading has-x-large-font-size\">Wat is het verschil tussen een lithium accu en een AGM accu?<\/h2>\n\n\n\n<p>Bij Intercel kun je terecht voor verschillende soorten accu&#8217;s en accu\u2019s. Veel gekochte accu\u2019s zijn bijvoorbeeld de lithium accu en de <a href=\"\/nl\/?page_id=10164\" data-type=\"page\" data-id=\"10224\">AGM accu<\/a>. De afkorting AGM staat voor Absorbed Glass Mat. De AGM accu is een accu waarbij het accuzuur opgenomen is in geweven glasvezelmatten, die zich tussen de loodplaten van de accu bevinden. Bij andere accu\u2019s bevindt het accuzuur zich meestal los in de accu.    <\/p>\n\n\n\n<p>De voordelen van AGM accu\u2019s zijn bijvoorbeeld een lange levensduur, vrijwel geen onderhoud en geringe zelfontlading. Ze komen voor in verschillende formaten en zijn bijvoorbeeld geschikt voor speelgoed of modelbouw, en zelfs UPS systemen. Een AGM accu gaat tot ongeveer 1500 laadcycli mee. <\/p>\n\n\n\n<p>Een Lithium accu daarentegen gaat heel veel laadcycli meer mee! Ze kennen een speciale chemische samenstelling en leveren energie door de reactie tussen mangaandioxide en lithium. Ze hebben bovendien een hoge energiedichtheid en een beperkte zelfontlading. Hierdoor gaan lithium accu\u2019s tot wel 25.000 laadcycli! <\/p>\n\n\n\n<h2 class=\"wp-block-heading has-x-large-font-size\">Welke 100Ah lithium accu\u2019s biedt Intercel?<\/h2>\n\n\n\n<p>Bij Intercel vind je verschillende 100Ah lithium accu\u2019s, zoals de <a href=\"https:\/\/intercel.eu\/nl\/app\/uploads\/2025\/11\/pbq-lf-100-12-scaled.png\" data-type=\"product\" data-id=\"9102\">pbq LF 100 \u2013 12 accu<\/a> met een gewicht van 14.5kg of de <a href=\"https:\/\/intercel.eu\/product\/cellpower-clpl-100-3-2\/\" data-type=\"product\" data-id=\"8911\">Cellpower CLPL 100 \u2013 3.2 accu<\/a>. Maar je kan bij ons ook terecht voor lithium accu\u2019s van bijvoorbeeld 40Ah of 200Ah. Kun je ook wel een acculader gebruiken? Bekijk dan onze acculaders!   <\/p>\n\n\n\n<div class=\"wp-block-buttons is-layout-flex wp-block-buttons-is-layout-flex\">\n<div class=\"wp-block-button is-style-arrow\"><a class=\"wp-block-button__link wp-element-button\" href=\"https:\/\/intercel.eu\/motive\/products\/\">Bekijk alle accu\u2019s<\/a><\/div>\n<\/div>\n<\/div>\n<\/div>\n","protected":false},"excerpt":{"rendered":"<p>Ben je op zoek naar een lithiumaccu met een capaciteit van 100Ah? Dan ben je bij Intercel aan het juiste adres! Hier vind je een breed assortiment lithiumaccu&#8217;s van betrouwbare merken en van hoge kwaliteit. Wat is een lithium accu van 100Ah? Een accu is niet hetzelfde als een accu. Het woord \u2018accu\u2019 is afgeleid &hellip; <a href=\"https:\/\/intercel.eu\/nl\/kennis-inzicht\/accutechnologie\/lithium-accus\/lihium-accu-100ah\/\">Voortgezet<\/a><\/p>\n","protected":false},"author":1,"featured_media":10175,"parent":10170,"menu_order":0,"comment_status":"open","ping_status":"open","template":"","meta":{"footnotes":""},"class_list":["post-10174","page","type-page","status-publish","has-post-thumbnail","hentry"],"acf":[],"_links":{"self":[{"href":"https:\/\/intercel.eu\/nl\/wp-json\/wp\/v2\/pages\/10174","targetHints":{"allow":["GET"]}}],"collection":[{"href":"https:\/\/intercel.eu\/nl\/wp-json\/wp\/v2\/pages"}],"about":[{"href":"https:\/\/intercel.eu\/nl\/wp-json\/wp\/v2\/types\/page"}],"author":[{"embeddable":true,"href":"https:\/\/intercel.eu\/nl\/wp-json\/wp\/v2\/users\/1"}],"replies":[{"embeddable":true,"href":"https:\/\/intercel.eu\/nl\/wp-json\/wp\/v2\/comments?post=10174"}],"version-history":[{"count":8,"href":"https:\/\/intercel.eu\/nl\/wp-json\/wp\/v2\/pages\/10174\/revisions"}],"predecessor-version":[{"id":22813,"href":"https:\/\/intercel.eu\/nl\/wp-json\/wp\/v2\/pages\/10174\/revisions\/22813"}],"up":[{"embeddable":true,"href":"https:\/\/intercel.eu\/nl\/wp-json\/wp\/v2\/pages\/10170"}],"wp:featuredmedia":[{"embeddable":true,"href":"https:\/\/intercel.eu\/nl\/wp-json\/wp\/v2\/media\/10175"}],"wp:attachment":[{"href":"https:\/\/intercel.eu\/nl\/wp-json\/wp\/v2\/media?parent=10174"}],"curies":[{"name":"wp","href":"https:\/\/api.w.org\/{rel}","templated":true}]}}