{"id":10179,"date":"2025-11-06T10:43:04","date_gmt":"2025-11-06T09:43:04","guid":{"rendered":"https:\/\/intercel.eu\/?page_id=10179"},"modified":"2025-12-16T13:10:03","modified_gmt":"2025-12-16T12:10:03","slug":"lithiumaccu-24v","status":"publish","type":"page","link":"https:\/\/intercel.eu\/nl\/kennis-inzicht\/accutechnologie\/lithium-accus\/lithiumaccu-24v\/","title":{"rendered":"Lithium accu 24v"},"content":{"rendered":"\n<div class=\"wp-block-group alignwide has-global-padding is-layout-constrained wp-block-group-is-layout-constrained\">\n<div class=\"wp-block-group has-global-padding is-layout-constrained wp-block-group-is-layout-constrained\">\n<h2 class=\"wp-block-heading has-x-large-font-size\">Moderne toepassingen<\/h2>\n\n\n\n<p>Van alle <a href=\"https:\/\/intercel.eu\/nl\/kennis-inzicht\/accutechnologie\/lithiumaccu's\/\" data-type=\"page\" data-id=\"10230\">lithium <\/a>accu\u2019s is de <a href=\"https:\/\/intercel.eu\/nl\/kennis-inzicht\/accutechnologie\/lithiumaccu's\/lifepo4-accu's\/\" data-type=\"page\" data-id=\"10232\">LiFePO4<\/a>&#8211;<a href=\"https:\/\/intercel.eu\/nl\/kennis-inzicht\/accutechnologie\/lithiumaccu's\/lifepo4-accu's\/\" data-type=\"page\" data-id=\"10232\">accu <\/a>(lithium ijzer fosfaat) de basis in moderne toepassingen, zoals laptops en smartphones. Licht in gewicht, maar een zwaargewicht als het gaat om ontladingen en hoge stromen. De lithiumaccu is leverbaar in verschillende chemische samenstellingen, bijvoorbeeld; lithium-ion, lithium-polymeer en LiFePO4 (iron-phosphate).  <\/p>\n\n\n\n<h2 class=\"wp-block-heading has-x-large-font-size\">24V LiFePO4 accu \u2013 Lithium ijzer fosfaat accu\u2019s<\/h2>\n\n\n\n<p>De 24V lithium ijzer fosfaat accu biedt de mogelijkheid een 24V loodaccu systeem \u00e9\u00e9n op \u00e9\u00e9n te vervangen. Door de uitmuntende extreem cyclische prestatie biedt deze accu een uitstekend cyclische levensduur. Daarnaast biedt een lithium ijzer fosfaat accu een dezelfde of grotere capaciteit bij een kleiner gewicht. Hierdoor kan de actieradius van uw 24V applicatie nog verder worden vergroot. <\/p>\n\n\n\n<div class=\"wp-block-buttons is-layout-flex wp-block-buttons-is-layout-flex\">\n<div class=\"wp-block-button is-style-arrow\"><a class=\"wp-block-button__link wp-element-button\" href=\"https:\/\/intercel.eu\/nl\/producten\/accu's\/\">Bekijk al onze accu\u2019s<\/a><\/div>\n<\/div>\n\n\n\n<h2 class=\"wp-block-heading has-x-large-font-size\">Lichtere en veiligere LiFePO4 accu\u2019s<\/h2>\n\n\n\n<p>Vergeleken met AGM accucellen, halen LiFePO4 accucellen circa vijf keer meer cycli. Bovendien zijn LiFePO4 lithium accucellen veiliger in gebruik dan lithium-ion en lithium polymeercellen en zo\u2019n zestig procent lichter dan de traditionele loodaccu\u2019s. <\/p>\n\n\n\n<h2 class=\"wp-block-heading has-x-large-font-size\">Mobiele energie<\/h2>\n\n\n\n<p>Door het lage gewicht van lithium is de accu bij uitstek geschikt om in een draagbare koffer in te bouwen.<\/p>\n\n\n\n<p>Bekijk ook onze <a href=\"https:\/\/intercel.eu\/nl\/kennis-inzicht\/accutechnologie\/lithiumaccu's\/lithiumaccu-12v\/\" data-type=\"page\" data-id=\"10236\">12V lithium accu\u2019s<\/a> en lithium <a href=\"https:\/\/intercel.eu\/nl\/kennis-inzicht\/accutechnologie\/lithiumaccu's\/lithiumacculader\/\" data-type=\"page\" data-id=\"10242\">acculaders<\/a>.<\/p>\n\n\n\n<h2 class=\"wp-block-heading has-x-large-font-size\">Aanbod aan 24V lithium accu\u2019s<\/h2>\n\n\n\n<p>Intercel biedt de volgende 24V lithium accu\u2019s aan:<\/p>\n\n\n\n<h3 class=\"wp-block-heading\">Cellpower 24V lithium accu\u2019s:<\/h3>\n\n\n\n<ul class=\"wp-block-list\">\n<li><span style=\"text-decoration: underline\"><a href=\"https:\/\/intercel.eu\/nl\/producten\/battery\/cellpower-cln-40-24\/\" data-type=\"product\" data-id=\"1764\"><\/a><a href=\"https:\/\/intercel.eu\/product\/cellpower-cln-40-24-2\/\" data-type=\"product\" data-id=\"7930\">Cellpower CLN 40-24<\/a><\/span><\/li>\n\n\n\n<li><span style=\"text-decoration: underline\"><a href=\"https:\/\/intercel.eu\/nl\/producten\/battery\/cellpower-cln-60-24\/\" data-type=\"product\" data-id=\"1765\"><\/a><a href=\"https:\/\/intercel.eu\/product\/cellpower-cln-60-24\/\" data-type=\"product\" data-id=\"9530\">Cellpower CLN 60 &#8211; 24<\/a><\/span><\/li>\n\n\n\n<li><span style=\"text-decoration: underline\"><a href=\"https:\/\/intercel.eu\/nl\/producten\/battery\/cellpower-cln-70-24\/\" data-type=\"product\" data-id=\"1766\"><\/a><a href=\"https:\/\/intercel.eu\/product\/cellpower-cln-70-24\/\" data-type=\"product\" data-id=\"9537\">Cellpower CLN 70 &#8211; 24<\/a><\/span><\/li>\n<\/ul>\n\n\n\n<h3 class=\"wp-block-heading\">pbq 24V lithium accu\u2019s:<\/h3>\n\n\n\n<ul class=\"wp-block-list\">\n<li><span style=\"text-decoration: underline\"><a href=\"https:\/\/intercel.eu\/nl\/producten\/accu's\/pbq-lf-10-24\/\" data-type=\"product\" data-id=\"2038\"><\/a><a href=\"https:\/\/intercel.eu\/nl\/producten\/accu's\/pbq-lf-10-24\/\">p<\/a><a href=\"https:\/\/intercel.eu\/product\/pbq-lf-10-24\/\" data-type=\"product\" data-id=\"9077\">bq L<\/a><a href=\"https:\/\/intercel.eu\/nl\/producten\/accu's\/pbq-lf-10-24\/\">F 10 &#8211; 24<\/a><\/span><\/li>\n\n\n\n<li><span style=\"text-decoration: underline\"><a href=\"https:\/\/intercel.eu\/nl\/producten\/battery\/pbq-lf-20-24\/\" data-type=\"product\" data-id=\"2043\"><\/a><a href=\"https:\/\/intercel.eu\/nl\/app\/uploads\/2025\/11\/pbq-lf-20-24-scaled.png\" data-type=\"product\" data-id=\"9101\">pbq LF 20 &#8211; 24<\/a><\/span><\/li>\n\n\n\n<li><span style=\"text-decoration: underline\"><a href=\"https:\/\/intercel.eu\/nl\/producten\/battery\/pbq-lf-40-24\/\" data-type=\"product\" data-id=\"2047\"><\/a><a href=\"https:\/\/intercel.eu\/product\/pbq-lf-40-24\/\" data-type=\"product\" data-id=\"9108\">pbq LF 40 &#8211; 24<\/a><\/span><\/li>\n\n\n\n<li><span style=\"text-decoration: underline\"><a href=\"https:\/\/intercel.eu\/nl\/producten\/accu's\/pbq-lf-50-24\/\" data-type=\"product\" data-id=\"2050\"><\/a><a href=\"https:\/\/intercel.eu\/product\/pbq-lf-50-24\/\" data-type=\"product\" data-id=\"9040\">pbq LF 50 &#8211; 24<\/a><\/span><\/li>\n<\/ul>\n\n\n\n<p>Staat het type accu dat je zoekt hier niet tussen? Neem dan <a href=\"https:\/\/intercel.eu\/nl\/contact\/\" data-type=\"page\" data-id=\"10596\">contact op<\/a> of bekijk onze <a href=\"https:\/\/intercel.eu\/nl\/electrification\/co-creatie-accu's-op-maat\/\" target=\"_blank\" data-type=\"page\" data-id=\"7230\" rel=\"noreferrer noopener\">accu op maat oplossingen<\/a>.<br \/> <\/p>\n<\/div>\n<\/div>\n","protected":false},"excerpt":{"rendered":"<p>Moderne toepassingen Van alle lithium accu\u2019s is de LiFePO4&#8211;accu (lithium ijzer fosfaat) de basis in moderne toepassingen, zoals laptops en smartphones. Licht in gewicht, maar een zwaargewicht als het gaat om ontladingen en hoge stromen. De lithiumaccu is leverbaar in verschillende chemische samenstellingen, bijvoorbeeld; lithium-ion, lithium-polymeer en LiFePO4 (iron-phosphate). 24V LiFePO4 accu \u2013 Lithium ijzer &hellip; <a href=\"https:\/\/intercel.eu\/nl\/kennis-inzicht\/accutechnologie\/lithium-accus\/lithiumaccu-24v\/\">Voortgezet<\/a><\/p>\n","protected":false},"author":1,"featured_media":10169,"parent":10170,"menu_order":0,"comment_status":"open","ping_status":"open","template":"","meta":{"footnotes":""},"class_list":["post-10179","page","type-page","status-publish","has-post-thumbnail","hentry"],"acf":[],"_links":{"self":[{"href":"https:\/\/intercel.eu\/nl\/wp-json\/wp\/v2\/pages\/10179","targetHints":{"allow":["GET"]}}],"collection":[{"href":"https:\/\/intercel.eu\/nl\/wp-json\/wp\/v2\/pages"}],"about":[{"href":"https:\/\/intercel.eu\/nl\/wp-json\/wp\/v2\/types\/page"}],"author":[{"embeddable":true,"href":"https:\/\/intercel.eu\/nl\/wp-json\/wp\/v2\/users\/1"}],"replies":[{"embeddable":true,"href":"https:\/\/intercel.eu\/nl\/wp-json\/wp\/v2\/comments?post=10179"}],"version-history":[{"count":7,"href":"https:\/\/intercel.eu\/nl\/wp-json\/wp\/v2\/pages\/10179\/revisions"}],"predecessor-version":[{"id":22816,"href":"https:\/\/intercel.eu\/nl\/wp-json\/wp\/v2\/pages\/10179\/revisions\/22816"}],"up":[{"embeddable":true,"href":"https:\/\/intercel.eu\/nl\/wp-json\/wp\/v2\/pages\/10170"}],"wp:featuredmedia":[{"embeddable":true,"href":"https:\/\/intercel.eu\/nl\/wp-json\/wp\/v2\/media\/10169"}],"wp:attachment":[{"href":"https:\/\/intercel.eu\/nl\/wp-json\/wp\/v2\/media?parent=10179"}],"curies":[{"name":"wp","href":"https:\/\/api.w.org\/{rel}","templated":true}]}}